{"id":232,"date":"2024-12-02T15:12:44","date_gmt":"2024-12-02T15:12:44","guid":{"rendered":"https:\/\/dipatch.fr\/?page_id=232"},"modified":"2025-08-10T00:32:31","modified_gmt":"2025-08-10T00:32:31","slug":"contact","status":"publish","type":"page","link":"https:\/\/dipatch.fr\/en\/contact\/","title":{"rendered":"Contact"},"content":{"rendered":"<section class=\"section\" id=\"section_209969588\">\n\t\t<div class=\"bg section-bg fill bg-fill\" >\n\n\t\t\t\n\t\t\t\n\t\t\t\n\n\t\t<\/div>\n\n\t\t\t<div class=\"ux-shape-divider ux-shape-divider--top ux-shape-divider--style-waves-opacity\">\n\t\t<svg viewbox=\"0 0 1000 300\" xmlns=\"http:\/\/www.w3.org\/2000\/svg\" preserveaspectratio=\"none\">\n    <path class=\"ux-shape-fill\" d=\"M0 300L-1 69.71C216 57 299.47 198.86 403 226C506 253 577 196 660 197C740 198 790.09 234.07 874 267C935.23 291 982 282.61 1000 277.61V300H0Z\"\/>\n    <path class=\"ux-shape-fill\" opacity=\"0.5\" d=\"M1 265.094L0 50.5C217 37.79 300.47 186.36 404 213.5C507 240.5 578 196.5 661 197.5C741 198.5 787.59 239.57 871.5 272.5C932.73 296.5 980.5 284.5 998.5 279.5V298.5L1 265.094Z\"\/>\n    <path class=\"ux-shape-fill\" opacity=\"0.15\" d=\"M0.999878 244.094L-0.00012207 27C217 14.29 300.47 173.86 404 201C507 228 578 196 661 197C741 198 787.59 243.07 871.5 276C932.73 300 980.5 284.5 998.5 279.5V299L0.999878 244.094Z\"\/>\n<\/svg>\n\n\t<\/div>\n\n\t<div class=\"ux-shape-divider ux-shape-divider--bottom ux-shape-divider--style-waves-opacity ux-shape-divider--flip\">\n\t\t<svg viewbox=\"0 0 1000 300\" xmlns=\"http:\/\/www.w3.org\/2000\/svg\" preserveaspectratio=\"none\">\n    <path class=\"ux-shape-fill\" d=\"M0 300L-1 69.71C216 57 299.47 198.86 403 226C506 253 577 196 660 197C740 198 790.09 234.07 874 267C935.23 291 982 282.61 1000 277.61V300H0Z\"\/>\n    <path class=\"ux-shape-fill\" opacity=\"0.5\" d=\"M1 265.094L0 50.5C217 37.79 300.47 186.36 404 213.5C507 240.5 578 196.5 661 197.5C741 198.5 787.59 239.57 871.5 272.5C932.73 296.5 980.5 284.5 998.5 279.5V298.5L1 265.094Z\"\/>\n    <path class=\"ux-shape-fill\" opacity=\"0.15\" d=\"M0.999878 244.094L-0.00012207 27C217 14.29 300.47 173.86 404 201C507 228 578 196 661 197C741 198 787.59 243.07 871.5 276C932.73 300 980.5 284.5 998.5 279.5V299L0.999878 244.094Z\"\/>\n<\/svg>\n\n\t<\/div>\n\n\t\t<div class=\"section-content relative\">\n\t\t\t\n\n\t<div id=\"gap-868621309\" class=\"gap-element clearfix\" style=\"display:block; height:auto;\">\n\t\t\n<style>\n#gap-868621309 {\n  padding-top: 30px;\n}\n<\/style>\n\t<\/div>\n\t\n\n<div class=\"row\"  id=\"row-2012743346\">\n\n\n\t<div id=\"col-450673311\" class=\"col small-12 large-12\"  >\n\t\t\t\t<div class=\"col-inner\" style=\"background-color:rgba(255, 255, 255, 0.9);\" >\n\t\t\t\n\t\t\t\n\n<div class=\"row align-middle align-center\"  id=\"row-698300927\">\n\n\n\t<div id=\"col-1077370912\" class=\"col medium-9 small-12 large-6\"  >\n\t\t\t\t<div class=\"col-inner text-center\"  >\n\t\t\t\n\t\t\t\n\n\t<div id=\"text-128709984\" class=\"text\">\n\t\t\n\n<h1>Contact us<\/h1>\n\t\t\n<style>\n#text-128709984 {\n  font-size: 1.1rem;\n}\n<\/style>\n\t<\/div>\n\t\n\t<div id=\"text-908463730\" class=\"text\">\n\t\t\n\n<p>We are available to answer any questions, suggestions, or requests for information. Please feel free to contact us using the methods below.<\/p>\n<p>Hours: Monday to Friday, 9:00 a.m. to 6:00 p.m.<\/p>\n<h2>\u2709\ufe0f Email<\/h2>\n<p>You can write to us at the following address: <strong>contact@dipatch.fr<\/strong><\/p>\n<p>We strive to respond to your messages within 24 business hours.<\/p>\n<h2>\ud83c\udf10 Follow us<\/h2>\n<p>Stay connected with us on social media <\/p>\n\t\t\n<style>\n#text-908463730 {\n  font-size: 0.85rem;\n}\n<\/style>\n\t<\/div>\n\t\n<div class=\"social-icons follow-icons\" style=\"font-size:110%\"><a href=\"#\" target=\"_blank\" rel=\"noopener noreferrer nofollow\" data-label=\"Instagram\" class=\"icon plain  instagram tooltip\" title=\"Follow on Instagram\" aria-label=\"Follow on Instagram\"><i class=\"icon-instagram\" ><\/i><\/a><a href=\"#\" target=\"_blank\" rel=\"noopener noreferrer nofollow\" data-label=\"TikTok\" class=\"icon plain tiktok tooltip\" title=\"Follow on TikTok\" aria-label=\"Follow on TikTok\"><i class=\"icon-tiktok\" ><\/i><\/a><\/div>\n\n<div class=\"row\"  id=\"row-187232566\">\n\n\n\t<div id=\"col-139239966\" class=\"col hide-for-small small-12 large-12\"  >\n\t\t\t\t<div class=\"col-inner text-center\"  >\n\t\t\t\n\t\t\t\n\n\n\n<script\n  src=\"https:\/\/unpkg.com\/@dotlottie\/player-component@2.7.12\/dist\/dotlottie-player.mjs\"\n  type=\"module\"\n><\/script>\n\n<dotlottie-player\n  src=\"https:\/\/lottie.host\/deee5255-f3a1-4a5e-bbc2-b830060f31b0\/k3mOGFpSS6.lottie\"\n  background=\"transparent\"\n  speed=\"1\"\n  style=\"width: 300px; height: 300px\"\n  loop\n autoplay\n><\/dotlottie-player>\n\n\n\t\t<\/div>\n\t\t\t\t\n<style>\n#col-139239966 > .col-inner {\n  margin: 0px 0px 0px -13px;\n}\n@media (min-width:550px) {\n  #col-139239966 > .col-inner {\n    margin: 0px 0px 0px 128px;\n  }\n}\n@media (min-width:850px) {\n  #col-139239966 > .col-inner {\n    margin: 0px 0px 0px 48px;\n  }\n}\n<\/style>\n\t<\/div>\n\n\t\n\n<\/div>\n\n\t\t<\/div>\n\t\t\t\t\n<style>\n#col-1077370912 > .col-inner {\n  padding: 0px 0px 0px 0px;\n}\n@media (min-width:550px) {\n  #col-1077370912 > .col-inner {\n    padding: 40px 0px 0px 0px;\n  }\n}\n@media (min-width:850px) {\n  #col-1077370912 > .col-inner {\n    padding: 0px 10% 0px 5%;\n  }\n}\n<\/style>\n\t<\/div>\n\n\t\n\n\t<div id=\"col-1864645864\" class=\"col medium-12 small-12 large-6\"  >\n\t\t\t\t<div class=\"col-inner text-center\"  >\n\t\t\t\n\t\t\t\n\n\n\n<style id=\"wpforms-css-vars-594\">\n\t\t\t\t#wpforms-594 {\n\t\t\t\t\n\t\t\t}\n\t\t\t<\/style><div class=\"wpforms-container wpforms-container-full wpforms-render-modern\" id=\"wpforms-594\"><form id=\"wpforms-form-594\" class=\"wpforms-validate wpforms-form wpforms-ajax-form\" data-formid=\"594\" method=\"post\" enctype=\"multipart\/form-data\" action=\"\/en\/wp-json\/wp\/v2\/pages\/232\" data-token=\"b6047dc42b1d12500a7148b067ff9246\" data-token-time=\"1778157191\" data-trp-original-action=\"\/en\/wp-json\/wp\/v2\/pages\/232\"><noscript class=\"wpforms-error-noscript\">Please enable JavaScript in your browser to complete this form.<\/noscript><div id=\"wpforms-error-noscript\" style=\"display: none;\">Please enable JavaScript in your browser to complete this form.<\/div><div class=\"wpforms-field-container\"><div id=\"wpforms-594-field_1-container\" class=\"wpforms-field wpforms-field-name\" data-field-id=\"1\"><label class=\"wpforms-field-label\" for=\"wpforms-594-field_1\">First and last name <span class=\"wpforms-required-label\" aria-hidden=\"true\">*<\/span><\/label><input type=\"text\" id=\"wpforms-594-field_1\" class=\"wpforms-field-large wpforms-field-required\" name=\"wpforms[fields][1]\" aria-errormessage=\"wpforms-594-field_1-error\" required><\/div><div id=\"wpforms-594-field_2-container\" class=\"wpforms-field wpforms-field-email\" data-field-id=\"2\"><label class=\"wpforms-field-label\" for=\"wpforms-594-field_2\">E-mail <span class=\"wpforms-required-label\" aria-hidden=\"true\">*<\/span><\/label><input type=\"email\" id=\"wpforms-594-field_2\" class=\"wpforms-field-large wpforms-field-required\" name=\"wpforms[fields][2]\" spellcheck=\"false\" aria-errormessage=\"wpforms-594-field_2-error\" required><\/div><div id=\"wpforms-594-field_5-container\" class=\"wpforms-field wpforms-field-number\" data-field-id=\"5\"><label class=\"wpforms-field-label\" for=\"wpforms-594-field_5\">Phone number<\/label><input type=\"number\" id=\"wpforms-594-field_5\" class=\"wpforms-field-large\" name=\"wpforms[fields][5]\" step=\"any\" aria-errormessage=\"wpforms-594-field_5-error\" ><\/div><div id=\"wpforms-594-field_3-container\" class=\"wpforms-field wpforms-field-select wpforms-field-select-style-modern\" data-field-id=\"3\"><label class=\"wpforms-field-label\" for=\"wpforms-594-field_3\">Subject <span class=\"wpforms-required-label\" aria-hidden=\"true\">*<\/span><\/label><select id=\"wpforms-594-field_3\" class=\"wpforms-field-large wpforms-field-required choicesjs-select\" data-size-class=\"wpforms-field-row wpforms-field-large\" data-search-enabled=\"\" name=\"wpforms[fields][3]\" required=\"required\"><option value=\"\" class=\"placeholder\" disabled selected='selected'><\/option><option value=\"Besoin de renseignements\"  class=\"choice-1 depth-1\"  >Need information?<\/option><option value=\"Conseils\"  class=\"choice-2 depth-1\"  >Advice<\/option><option value=\"SAV\"  class=\"choice-3 depth-1\"  >After-sales service<\/option><option value=\"Devis\"  class=\"choice-6 depth-1\"  >Estimate<\/option><option value=\"Partenariat\/Collaboration\"  class=\"choice-4 depth-1\"  >Partnership\/Collaboration<\/option><option value=\"Autre\"  class=\"choice-5 depth-1\"  >Other<\/option><\/select><\/div>\t\t<div id=\"wpforms-594-field_6-container\"\n\t\t\tclass=\"wpforms-field wpforms-field-text\"\n\t\t\tdata-field-type=\"text\"\n\t\t\tdata-field-id=\"6\"\n\t\t\t>\n\t\t\t<label class=\"wpforms-field-label\" for=\"wpforms-594-field_6\" >Sujet Description Nom<\/label>\n\t\t\t<input type=\"text\" id=\"wpforms-594-field_6\" class=\"wpforms-field-medium\" name=\"wpforms[fields][6]\" >\n\t\t<\/div>\n\t\t<div id=\"wpforms-594-field_4-container\" class=\"wpforms-field wpforms-field-textarea\" data-field-id=\"4\"><label class=\"wpforms-field-label\" for=\"wpforms-594-field_4\">Description<\/label><textarea id=\"wpforms-594-field_4\" class=\"wpforms-field-medium\" name=\"wpforms[fields][4]\" aria-errormessage=\"wpforms-594-field_4-error\" ><\/textarea><\/div><script>\n\t\t\t\t( function() {\n\t\t\t\t\tconst style = document.createElement( 'style' );\n\t\t\t\t\tstyle.appendChild( document.createTextNode( '#wpforms-594-field_6-container { position: absolute !important; overflow: hidden !important; display: inline !important; height: 1px !important; width: 1px !important; z-index: -1000 !important; padding: 0 !important; } #wpforms-594-field_6-container input { visibility: hidden; } #wpforms-conversational-form-page #wpforms-594-field_6-container label { counter-increment: none; }' ) );\n\t\t\t\t\tdocument.head.appendChild( style );\n\t\t\t\t\tdocument.currentScript?.remove();\n\t\t\t\t} )();\n\t\t\t<\/script><\/div><!-- .wpforms-field-container --><div class=\"wpforms-recaptcha-container wpforms-is-recaptcha wpforms-is-recaptcha-type-invisible\" ><div class=\"g-recaptcha\" data-sitekey=\"6LcL7aAqAAAAAHfMCQapivxCMMek0nlppxHYE4ff\" data-size=\"invisible\"><\/div><\/div><div class=\"wpforms-submit-container\" ><input type=\"hidden\" name=\"wpforms[id]\" value=\"594\"><input type=\"hidden\" name=\"page_title\" value=\"\"><input type=\"hidden\" name=\"page_url\" value=\"https:\/\/dipatch.fr\/en\/wp-json\/wp\/v2\/pages\/232\"><input type=\"hidden\" name=\"url_referer\" value=\"\"><button type=\"submit\" name=\"wpforms[submit]\" id=\"wpforms-submit-594\" class=\"wpforms-submit\" data-alt-text=\"Envoi...\" data-submit-text=\"Envoyer\" aria-live=\"assertive\" value=\"wpforms-submit\">Send<\/button><img loading=\"lazy\" decoding=\"async\" src=\"https:\/\/dipatch.fr\/wp-content\/plugins\/wpforms-lite\/assets\/images\/submit-spin.svg\" class=\"wpforms-submit-spinner\" style=\"display: none;\" width=\"26\" height=\"26\" alt=\"Loading\"><\/div><input type=\"hidden\" name=\"trp-form-language\" value=\"en\"\/><\/form><\/div>  <!-- .wpforms-container -->\n\n\n\t\t<\/div>\n\t\t\t\t\n<style>\n#col-1864645864 > .col-inner {\n  margin: 20px 0px 0px 0px;\n}\n<\/style>\n\t<\/div>\n\n\t\n\n<\/div>\n\n\t\t<\/div>\n\t\t\t\t\n<style>\n#col-450673311 > .col-inner {\n  padding: 50px 30px 0px 30px;\n  border-radius: 10px;\n}\n@media (min-width:550px) {\n  #col-450673311 > .col-inner {\n    padding: 30px 30px 0px 30px;\n  }\n}\n@media (min-width:850px) {\n  #col-450673311 > .col-inner {\n    padding: 60px 60px 20px 60px;\n  }\n}\n<\/style>\n\t<\/div>\n\n\t\n\n<\/div>\n\n\t\t<\/div>\n\n\t\t\n<style>\n#section_209969588 {\n  padding-top: 50px;\n  padding-bottom: 50px;\n  min-height: 30px;\n}\n#section_209969588 .section-bg.bg-loaded {\n  background-image: url(https:\/\/dipatch.fr\/wp-content\/uploads\/2025\/04\/IMG_0247oui.webp);\n}\n#section_209969588 .ux-shape-divider--top svg {\n  height: 99px;\n  --divider-top-width: 226%;\n}\n#section_209969588 .ux-shape-divider--bottom svg {\n  height: 46px;\n  --divider-width: 100%;\n}\n<\/style>\n\t<\/section>","protected":false},"excerpt":{"rendered":"","protected":false},"author":1,"featured_media":460,"parent":0,"menu_order":0,"comment_status":"closed","ping_status":"closed","template":"page-blank.php","meta":{"footnotes":""},"class_list":["post-232","page","type-page","status-publish","has-post-thumbnail","hentry"],"yoast_head":"<!-- This site is optimized with the Yoast SEO plugin v26.5 - https:\/\/yoast.com\/wordpress\/plugins\/seo\/ -->\n<title>Contact DIPatch \u2013 Patchs thermocollants et broderie artisanale<\/title>\n<meta name=\"description\" content=\"Besoin d&#039;aide ou d&#039;informations ? Contactez nous par email ou sur nos r\u00e9seaux sociaux. Nous sommes l\u00e0 pour r\u00e9pondre \u00e0 vos questions.\" \/>\n<meta name=\"robots\" content=\"index, follow, max-snippet:-1, max-image-preview:large, max-video-preview:-1\" \/>\n<link rel=\"canonical\" href=\"https:\/\/dipatch.fr\/en\/contact\/\" \/>\n<meta property=\"og:locale\" content=\"en_US\" \/>\n<meta property=\"og:type\" content=\"article\" \/>\n<meta property=\"og:title\" content=\"Contact DIPatch \u2013 Patchs thermocollants et broderie artisanale\" \/>\n<meta property=\"og:description\" content=\"Besoin d&#039;aide ou d&#039;informations ? Contactez nous par email ou sur nos r\u00e9seaux sociaux. Nous sommes l\u00e0 pour r\u00e9pondre \u00e0 vos questions.\" \/>\n<meta property=\"og:url\" content=\"https:\/\/dipatch.fr\/en\/contact\/\" \/>\n<meta property=\"og:site_name\" content=\"DIPATCH\" \/>\n<meta property=\"article:modified_time\" content=\"2025-08-10T00:32:31+00:00\" \/>\n<meta property=\"og:image\" content=\"https:\/\/dipatch.fr\/wp-content\/uploads\/2024\/12\/remarques.png\" \/>\n\t<meta property=\"og:image:width\" content=\"128\" \/>\n\t<meta property=\"og:image:height\" content=\"128\" \/>\n\t<meta property=\"og:image:type\" content=\"image\/png\" \/>\n<meta name=\"twitter:card\" content=\"summary_large_image\" \/>\n<meta name=\"twitter:label1\" content=\"Est. reading time\" \/>\n\t<meta name=\"twitter:data1\" content=\"2 minutes\" \/>\n<script type=\"application\/ld+json\" class=\"yoast-schema-graph\">{\"@context\":\"https:\/\/schema.org\",\"@graph\":[{\"@type\":\"WebPage\",\"@id\":\"https:\/\/dipatch.fr\/contact\/\",\"url\":\"https:\/\/dipatch.fr\/contact\/\",\"name\":\"Contact DIPatch \u2013 Patchs thermocollants et broderie artisanale\",\"isPartOf\":{\"@id\":\"https:\/\/dipatch.fr\/#website\"},\"primaryImageOfPage\":{\"@id\":\"https:\/\/dipatch.fr\/contact\/#primaryimage\"},\"image\":{\"@id\":\"https:\/\/dipatch.fr\/contact\/#primaryimage\"},\"thumbnailUrl\":\"https:\/\/i0.wp.com\/dipatch.fr\/wp-content\/uploads\/2024\/12\/remarques.png?fit=128%2C128&ssl=1\",\"datePublished\":\"2024-12-02T15:12:44+00:00\",\"dateModified\":\"2025-08-10T00:32:31+00:00\",\"description\":\"Besoin d'aide ou d'informations ? Contactez nous par email ou sur nos r\u00e9seaux sociaux. Nous sommes l\u00e0 pour r\u00e9pondre \u00e0 vos questions.\",\"breadcrumb\":{\"@id\":\"https:\/\/dipatch.fr\/contact\/#breadcrumb\"},\"inLanguage\":\"en-US\",\"potentialAction\":[{\"@type\":\"ReadAction\",\"target\":[\"https:\/\/dipatch.fr\/contact\/\"]}]},{\"@type\":\"ImageObject\",\"inLanguage\":\"en-US\",\"@id\":\"https:\/\/dipatch.fr\/contact\/#primaryimage\",\"url\":\"https:\/\/i0.wp.com\/dipatch.fr\/wp-content\/uploads\/2024\/12\/remarques.png?fit=128%2C128&ssl=1\",\"contentUrl\":\"https:\/\/i0.wp.com\/dipatch.fr\/wp-content\/uploads\/2024\/12\/remarques.png?fit=128%2C128&ssl=1\",\"width\":128,\"height\":128},{\"@type\":\"BreadcrumbList\",\"@id\":\"https:\/\/dipatch.fr\/contact\/#breadcrumb\",\"itemListElement\":[{\"@type\":\"ListItem\",\"position\":1,\"name\":\"Accueil\",\"item\":\"https:\/\/dipatch.fr\/\"},{\"@type\":\"ListItem\",\"position\":2,\"name\":\"Contact\"}]},{\"@type\":\"WebSite\",\"@id\":\"https:\/\/dipatch.fr\/#website\",\"url\":\"https:\/\/dipatch.fr\/\",\"name\":\"DIPATCH\",\"description\":\"Personnalisation textile DIY\",\"publisher\":{\"@id\":\"https:\/\/dipatch.fr\/#organization\"},\"potentialAction\":[{\"@type\":\"SearchAction\",\"target\":{\"@type\":\"EntryPoint\",\"urlTemplate\":\"https:\/\/dipatch.fr\/?s={search_term_string}\"},\"query-input\":{\"@type\":\"PropertyValueSpecification\",\"valueRequired\":true,\"valueName\":\"search_term_string\"}}],\"inLanguage\":\"en-US\"},{\"@type\":\"Organization\",\"@id\":\"https:\/\/dipatch.fr\/#organization\",\"name\":\"DIPATCH\",\"url\":\"https:\/\/dipatch.fr\/\",\"logo\":{\"@type\":\"ImageObject\",\"inLanguage\":\"en-US\",\"@id\":\"https:\/\/dipatch.fr\/#\/schema\/logo\/image\/\",\"url\":\"https:\/\/dipatch.fr\/wp-content\/uploads\/2024\/12\/IMG_0349.jpeg\",\"contentUrl\":\"https:\/\/dipatch.fr\/wp-content\/uploads\/2024\/12\/IMG_0349.jpeg\",\"width\":1520,\"height\":907,\"caption\":\"DIPATCH\"},\"image\":{\"@id\":\"https:\/\/dipatch.fr\/#\/schema\/logo\/image\/\"}}]}<\/script>\n<!-- \/ Yoast SEO plugin. -->","yoast_head_json":{"title":"Contact DIPatch \u2013 Patchs thermocollants et broderie artisanale","description":"Besoin d'aide ou d'informations ? Contactez nous par email ou sur nos r\u00e9seaux sociaux. Nous sommes l\u00e0 pour r\u00e9pondre \u00e0 vos questions.","robots":{"index":"index","follow":"follow","max-snippet":"max-snippet:-1","max-image-preview":"max-image-preview:large","max-video-preview":"max-video-preview:-1"},"canonical":"https:\/\/dipatch.fr\/en\/contact\/","og_locale":"en_US","og_type":"article","og_title":"Contact DIPatch \u2013 Patchs thermocollants et broderie artisanale","og_description":"Besoin d'aide ou d'informations ? Contactez nous par email ou sur nos r\u00e9seaux sociaux. Nous sommes l\u00e0 pour r\u00e9pondre \u00e0 vos questions.","og_url":"https:\/\/dipatch.fr\/en\/contact\/","og_site_name":"DIPATCH","article_modified_time":"2025-08-10T00:32:31+00:00","og_image":[{"width":128,"height":128,"url":"https:\/\/dipatch.fr\/wp-content\/uploads\/2024\/12\/remarques.png","type":"image\/png"}],"twitter_card":"summary_large_image","twitter_misc":{"Est. reading time":"2 minutes"},"schema":{"@context":"https:\/\/schema.org","@graph":[{"@type":"WebPage","@id":"https:\/\/dipatch.fr\/contact\/","url":"https:\/\/dipatch.fr\/contact\/","name":"Contact DIPatch \u2013 Patchs thermocollants et broderie artisanale","isPartOf":{"@id":"https:\/\/dipatch.fr\/#website"},"primaryImageOfPage":{"@id":"https:\/\/dipatch.fr\/contact\/#primaryimage"},"image":{"@id":"https:\/\/dipatch.fr\/contact\/#primaryimage"},"thumbnailUrl":"https:\/\/i0.wp.com\/dipatch.fr\/wp-content\/uploads\/2024\/12\/remarques.png?fit=128%2C128&ssl=1","datePublished":"2024-12-02T15:12:44+00:00","dateModified":"2025-08-10T00:32:31+00:00","description":"Besoin d'aide ou d'informations ? Contactez nous par email ou sur nos r\u00e9seaux sociaux. Nous sommes l\u00e0 pour r\u00e9pondre \u00e0 vos questions.","breadcrumb":{"@id":"https:\/\/dipatch.fr\/contact\/#breadcrumb"},"inLanguage":"en-US","potentialAction":[{"@type":"ReadAction","target":["https:\/\/dipatch.fr\/contact\/"]}]},{"@type":"ImageObject","inLanguage":"en-US","@id":"https:\/\/dipatch.fr\/contact\/#primaryimage","url":"https:\/\/i0.wp.com\/dipatch.fr\/wp-content\/uploads\/2024\/12\/remarques.png?fit=128%2C128&ssl=1","contentUrl":"https:\/\/i0.wp.com\/dipatch.fr\/wp-content\/uploads\/2024\/12\/remarques.png?fit=128%2C128&ssl=1","width":128,"height":128},{"@type":"BreadcrumbList","@id":"https:\/\/dipatch.fr\/contact\/#breadcrumb","itemListElement":[{"@type":"ListItem","position":1,"name":"Accueil","item":"https:\/\/dipatch.fr\/"},{"@type":"ListItem","position":2,"name":"Contact"}]},{"@type":"WebSite","@id":"https:\/\/dipatch.fr\/#website","url":"https:\/\/dipatch.fr\/","name":"DIPATCH","description":"DIY textile customization","publisher":{"@id":"https:\/\/dipatch.fr\/#organization"},"potentialAction":[{"@type":"SearchAction","target":{"@type":"EntryPoint","urlTemplate":"https:\/\/dipatch.fr\/?s={search_term_string}"},"query-input":{"@type":"PropertyValueSpecification","valueRequired":true,"valueName":"search_term_string"}}],"inLanguage":"en-US"},{"@type":"Organization","@id":"https:\/\/dipatch.fr\/#organization","name":"DIPATCH","url":"https:\/\/dipatch.fr\/","logo":{"@type":"ImageObject","inLanguage":"en-US","@id":"https:\/\/dipatch.fr\/#\/schema\/logo\/image\/","url":"https:\/\/dipatch.fr\/wp-content\/uploads\/2024\/12\/IMG_0349.jpeg","contentUrl":"https:\/\/dipatch.fr\/wp-content\/uploads\/2024\/12\/IMG_0349.jpeg","width":1520,"height":907,"caption":"DIPATCH"},"image":{"@id":"https:\/\/dipatch.fr\/#\/schema\/logo\/image\/"}}]}},"jetpack_sharing_enabled":true,"_links":{"self":[{"href":"https:\/\/dipatch.fr\/en\/wp-json\/wp\/v2\/pages\/232","targetHints":{"allow":["GET"]}}],"collection":[{"href":"https:\/\/dipatch.fr\/en\/wp-json\/wp\/v2\/pages"}],"about":[{"href":"https:\/\/dipatch.fr\/en\/wp-json\/wp\/v2\/types\/page"}],"author":[{"embeddable":true,"href":"https:\/\/dipatch.fr\/en\/wp-json\/wp\/v2\/users\/1"}],"replies":[{"embeddable":true,"href":"https:\/\/dipatch.fr\/en\/wp-json\/wp\/v2\/comments?post=232"}],"version-history":[{"count":17,"href":"https:\/\/dipatch.fr\/en\/wp-json\/wp\/v2\/pages\/232\/revisions"}],"predecessor-version":[{"id":1972,"href":"https:\/\/dipatch.fr\/en\/wp-json\/wp\/v2\/pages\/232\/revisions\/1972"}],"wp:featuredmedia":[{"embeddable":true,"href":"https:\/\/dipatch.fr\/en\/wp-json\/wp\/v2\/media\/460"}],"wp:attachment":[{"href":"https:\/\/dipatch.fr\/en\/wp-json\/wp\/v2\/media?parent=232"}],"curies":[{"name":"wp","href":"https:\/\/api.w.org\/{rel}","templated":true}]}}