{"id":1204,"date":"2025-03-15T01:18:29","date_gmt":"2025-03-15T01:18:29","guid":{"rendered":"https:\/\/dipatch.fr\/?post_type=product&#038;p=1204"},"modified":"2025-07-12T00:21:49","modified_gmt":"2025-07-12T00:21:49","slug":"patch-thermocollant-brode-tokyo","status":"publish","type":"product","link":"https:\/\/dipatch.fr\/en\/product\/patch-thermocollant-brode-tokyo\/","title":{"rendered":"Tokyo embroidered iron-on patch"},"content":{"rendered":"<p data-start=\"71\" data-end=\"147\"><strong data-start=\"76\" data-end=\"145\">Tokyo embroidered iron-on patch \u2013 Eco-friendly &amp; Made in France<\/strong><\/p>\n<p data-start=\"149\" data-end=\"423\">Bring an urban and stylish touch to your clothes with this <strong data-start=\"211\" data-end=\"240\">Tokyo iron-on patch<\/strong>, designed and manufactured in <strong data-start=\"263\" data-end=\"273\">France<\/strong> with an eco-responsible approach. This unique patch is made with premium materials, designed to combine quality and respect for the environment.<\/p>\n<h3 data-start=\"425\" data-end=\"468\"><strong data-start=\"429\" data-end=\"466\">\ud83c\udf31 An ethical and ecological patch<\/strong><\/h3>\n<p data-start=\"469\" data-end=\"1065\">\u2714 <strong data-start=\"471\" data-end=\"508\">Recycled polyester embroidery thread<\/strong> : detailed and durable embroidery, with reduced environmental impact.<br data-start=\"587\" data-end=\"590\" \/>\u2714 <strong data-start=\"592\" data-end=\"620\">97% cotton twill fabric<\/strong> : robust, durable and environmentally friendly.<br data-start=\"674\" data-end=\"677\" \/>\u2714 <strong data-start=\"679\" data-end=\"723\">Handmade iron-on adhesive &amp; Made in France<\/strong> : a unique formulation for optimal and eco-responsible fixation.<br data-start=\"794\" data-end=\"797\" \/>\u2714 <strong data-start=\"799\" data-end=\"825\">High-end finish<\/strong> : each edge is <strong data-start=\"844\" data-end=\"876\">burned with a blowtorch by hand<\/strong>, to prevent fraying and ensure maximum durability.<br data-start=\"940\" data-end=\"943\" data-is-only-node=\"\" \/>\u2714 <strong data-start=\"945\" data-end=\"978\">A commitment to the planet<\/strong> : for each purchase, <strong data-start=\"1000\" data-end=\"1022\">1 tree is planted<\/strong> in support of reforestation projects.<\/p>\n<h3 data-start=\"1067\" data-end=\"1116\"><strong data-start=\"1071\" data-end=\"1114\">\ud83e\uddf5 Easy to apply &amp; ultra resistant<\/strong><\/h3>\n<p data-start=\"1117\" data-end=\"1307\">This iron-on patch is easy to apply with an iron and offers lasting adhesion to a wide variety of fabrics. Ideal for personalizing jackets, bags, jeans, and more!<\/p>\n<p data-start=\"1309\" data-end=\"1481\">\ud83d\udd38 <strong data-start=\"1312\" data-end=\"1326\">Dimensions<\/strong> : [add size]<br data-start=\"1348\" data-end=\"1351\" \/>\ud83d\udd38 <strong data-start=\"1354\" data-end=\"1366\">Fixing<\/strong> : iron-on (can be sewn for a permanent hold)<br data-start=\"1434\" data-end=\"1437\" \/>\ud83d\udd38 <strong data-start=\"1440\" data-end=\"1453\">Interview<\/strong> : washing at 30\u00b0C recommended<\/p>\n<p data-start=\"1483\" data-end=\"1631\">\u2705 <strong data-start=\"1485\" data-end=\"1629\">Add style while supporting an eco-friendly approach with this Tokyo iron-on patch, designed to last and respect the environment.<\/strong><\/p>","protected":false},"excerpt":{"rendered":"<p>Patch thermocollant Tokyo brod\u00e9 \u2013 \u00c9coresponsable &amp; Made in France Apportez une touche urbaine et styl\u00e9e \u00e0 vos v\u00eatements avec ce patch thermocollant Tokyo, con\u00e7u et fabriqu\u00e9 en France avec une d\u00e9marche \u00e9coresponsable. Ce patch unique est \u00e9labor\u00e9 avec des mat\u00e9riaux premium, pens\u00e9s pour allier qualit\u00e9 et respect de l\u2019environnement. \ud83c\udf31 Un patch \u00e9thique et [&#8230;]","protected":false},"featured_media":1129,"comment_status":"closed","ping_status":"closed","template":"","meta":[],"product_brand":[],"product_cat":[21,48],"product_tag":[],"class_list":{"0":"post-1204","1":"product","2":"type-product","3":"status-publish","4":"has-post-thumbnail","6":"product_cat-patch-thermocollant","7":"product_cat-japon","8":"product_shipping_class-envoi-patch","10":"first","11":"instock","12":"shipping-taxable","13":"purchasable","14":"product-type-variable"},"yoast_head":"<!-- This site is optimized with the Yoast SEO plugin v26.5 - https:\/\/yoast.com\/wordpress\/plugins\/seo\/ -->\n<title>Patch thermocollant brod\u00e9 Tokyo - DIPATCH<\/title>\n<meta name=\"description\" content=\"Ajoutez une touche japonaise unique \u00e0 vos v\u00eatements avec ce patch thermocollant Japan brod\u00e9 et \u00e9coresponsable. Facile \u00e0 poser et durable.\" \/>\n<meta name=\"robots\" content=\"index, follow, max-snippet:-1, max-image-preview:large, max-video-preview:-1\" \/>\n<link rel=\"canonical\" href=\"https:\/\/dipatch.fr\/en\/product\/patch-thermocollant-brode-tokyo\/\" \/>\n<meta property=\"og:locale\" content=\"en_US\" \/>\n<meta property=\"og:type\" content=\"article\" \/>\n<meta property=\"og:title\" content=\"Patch thermocollant brod\u00e9 Tokyo - DIPATCH\" \/>\n<meta property=\"og:description\" content=\"Ajoutez une touche japonaise unique \u00e0 vos v\u00eatements avec ce patch thermocollant Japan brod\u00e9 et \u00e9coresponsable. Facile \u00e0 poser et durable.\" \/>\n<meta property=\"og:url\" content=\"https:\/\/dipatch.fr\/en\/product\/patch-thermocollant-brode-tokyo\/\" \/>\n<meta property=\"og:site_name\" content=\"DIPATCH\" \/>\n<meta property=\"article:modified_time\" content=\"2025-07-12T00:21:49+00:00\" \/>\n<meta property=\"og:image\" content=\"https:\/\/dipatch.fr\/wp-content\/uploads\/2025\/03\/Photoroom_036_20250314_024721.jpeg\" \/>\n\t<meta property=\"og:image:width\" content=\"2048\" \/>\n\t<meta property=\"og:image:height\" content=\"2048\" \/>\n\t<meta property=\"og:image:type\" content=\"image\/jpeg\" \/>\n<meta name=\"twitter:card\" content=\"summary_large_image\" \/>\n<meta name=\"twitter:label1\" content=\"Est. reading time\" \/>\n\t<meta name=\"twitter:data1\" content=\"2 minutes\" \/>\n<script type=\"application\/ld+json\" class=\"yoast-schema-graph\">{\"@context\":\"https:\/\/schema.org\",\"@graph\":[{\"@type\":\"WebPage\",\"@id\":\"https:\/\/dipatch.fr\/produit\/patch-thermocollant-brode-tokyo\/\",\"url\":\"https:\/\/dipatch.fr\/produit\/patch-thermocollant-brode-tokyo\/\",\"name\":\"Patch thermocollant brod\u00e9 Tokyo - DIPATCH\",\"isPartOf\":{\"@id\":\"https:\/\/dipatch.fr\/#website\"},\"primaryImageOfPage\":{\"@id\":\"https:\/\/dipatch.fr\/produit\/patch-thermocollant-brode-tokyo\/#primaryimage\"},\"image\":{\"@id\":\"https:\/\/dipatch.fr\/produit\/patch-thermocollant-brode-tokyo\/#primaryimage\"},\"thumbnailUrl\":\"https:\/\/i0.wp.com\/dipatch.fr\/wp-content\/uploads\/2025\/03\/Photoroom_036_20250314_024721.jpeg?fit=2048%2C2048&ssl=1\",\"datePublished\":\"2025-03-15T01:18:29+00:00\",\"dateModified\":\"2025-07-12T00:21:49+00:00\",\"description\":\"Ajoutez une touche japonaise unique \u00e0 vos v\u00eatements avec ce patch thermocollant Japan brod\u00e9 et \u00e9coresponsable. Facile \u00e0 poser et durable.\",\"breadcrumb\":{\"@id\":\"https:\/\/dipatch.fr\/produit\/patch-thermocollant-brode-tokyo\/#breadcrumb\"},\"inLanguage\":\"en-US\",\"potentialAction\":[{\"@type\":\"ReadAction\",\"target\":[\"https:\/\/dipatch.fr\/produit\/patch-thermocollant-brode-tokyo\/\"]}]},{\"@type\":\"ImageObject\",\"inLanguage\":\"en-US\",\"@id\":\"https:\/\/dipatch.fr\/produit\/patch-thermocollant-brode-tokyo\/#primaryimage\",\"url\":\"https:\/\/i0.wp.com\/dipatch.fr\/wp-content\/uploads\/2025\/03\/Photoroom_036_20250314_024721.jpeg?fit=2048%2C2048&ssl=1\",\"contentUrl\":\"https:\/\/i0.wp.com\/dipatch.fr\/wp-content\/uploads\/2025\/03\/Photoroom_036_20250314_024721.jpeg?fit=2048%2C2048&ssl=1\",\"width\":2048,\"height\":2048,\"caption\":\"Patch thermocollant brod\u00e9 Tokyo\"},{\"@type\":\"BreadcrumbList\",\"@id\":\"https:\/\/dipatch.fr\/produit\/patch-thermocollant-brode-tokyo\/#breadcrumb\",\"itemListElement\":[{\"@type\":\"ListItem\",\"position\":1,\"name\":\"Accueil\",\"item\":\"https:\/\/dipatch.fr\/\"},{\"@type\":\"ListItem\",\"position\":2,\"name\":\"boutique\",\"item\":\"https:\/\/dipatch.fr\/boutique\/\"},{\"@type\":\"ListItem\",\"position\":3,\"name\":\"Patch thermocollant brod\u00e9 Tokyo\"}]},{\"@type\":\"WebSite\",\"@id\":\"https:\/\/dipatch.fr\/#website\",\"url\":\"https:\/\/dipatch.fr\/\",\"name\":\"DIPATCH\",\"description\":\"Personnalisation textile DIY\",\"publisher\":{\"@id\":\"https:\/\/dipatch.fr\/#organization\"},\"potentialAction\":[{\"@type\":\"SearchAction\",\"target\":{\"@type\":\"EntryPoint\",\"urlTemplate\":\"https:\/\/dipatch.fr\/?s={search_term_string}\"},\"query-input\":{\"@type\":\"PropertyValueSpecification\",\"valueRequired\":true,\"valueName\":\"search_term_string\"}}],\"inLanguage\":\"en-US\"},{\"@type\":\"Organization\",\"@id\":\"https:\/\/dipatch.fr\/#organization\",\"name\":\"DIPATCH\",\"url\":\"https:\/\/dipatch.fr\/\",\"logo\":{\"@type\":\"ImageObject\",\"inLanguage\":\"en-US\",\"@id\":\"https:\/\/dipatch.fr\/#\/schema\/logo\/image\/\",\"url\":\"https:\/\/dipatch.fr\/wp-content\/uploads\/2024\/12\/IMG_0349.jpeg\",\"contentUrl\":\"https:\/\/dipatch.fr\/wp-content\/uploads\/2024\/12\/IMG_0349.jpeg\",\"width\":1520,\"height\":907,\"caption\":\"DIPATCH\"},\"image\":{\"@id\":\"https:\/\/dipatch.fr\/#\/schema\/logo\/image\/\"}}]}<\/script>\n<!-- \/ Yoast SEO plugin. -->","yoast_head_json":{"title":"Patch thermocollant brod\u00e9 Tokyo - DIPATCH","description":"Ajoutez une touche japonaise unique \u00e0 vos v\u00eatements avec ce patch thermocollant Japan brod\u00e9 et \u00e9coresponsable. Facile \u00e0 poser et durable.","robots":{"index":"index","follow":"follow","max-snippet":"max-snippet:-1","max-image-preview":"max-image-preview:large","max-video-preview":"max-video-preview:-1"},"canonical":"https:\/\/dipatch.fr\/en\/product\/patch-thermocollant-brode-tokyo\/","og_locale":"en_US","og_type":"article","og_title":"Patch thermocollant brod\u00e9 Tokyo - DIPATCH","og_description":"Ajoutez une touche japonaise unique \u00e0 vos v\u00eatements avec ce patch thermocollant Japan brod\u00e9 et \u00e9coresponsable. Facile \u00e0 poser et durable.","og_url":"https:\/\/dipatch.fr\/en\/product\/patch-thermocollant-brode-tokyo\/","og_site_name":"DIPATCH","article_modified_time":"2025-07-12T00:21:49+00:00","og_image":[{"width":2048,"height":2048,"url":"https:\/\/dipatch.fr\/wp-content\/uploads\/2025\/03\/Photoroom_036_20250314_024721.jpeg","type":"image\/jpeg"}],"twitter_card":"summary_large_image","twitter_misc":{"Est. reading time":"2 minutes"},"schema":{"@context":"https:\/\/schema.org","@graph":[{"@type":"WebPage","@id":"https:\/\/dipatch.fr\/produit\/patch-thermocollant-brode-tokyo\/","url":"https:\/\/dipatch.fr\/produit\/patch-thermocollant-brode-tokyo\/","name":"Patch thermocollant brod\u00e9 Tokyo - DIPATCH","isPartOf":{"@id":"https:\/\/dipatch.fr\/#website"},"primaryImageOfPage":{"@id":"https:\/\/dipatch.fr\/produit\/patch-thermocollant-brode-tokyo\/#primaryimage"},"image":{"@id":"https:\/\/dipatch.fr\/produit\/patch-thermocollant-brode-tokyo\/#primaryimage"},"thumbnailUrl":"https:\/\/i0.wp.com\/dipatch.fr\/wp-content\/uploads\/2025\/03\/Photoroom_036_20250314_024721.jpeg?fit=2048%2C2048&ssl=1","datePublished":"2025-03-15T01:18:29+00:00","dateModified":"2025-07-12T00:21:49+00:00","description":"Ajoutez une touche japonaise unique \u00e0 vos v\u00eatements avec ce patch thermocollant Japan brod\u00e9 et \u00e9coresponsable. Facile \u00e0 poser et durable.","breadcrumb":{"@id":"https:\/\/dipatch.fr\/produit\/patch-thermocollant-brode-tokyo\/#breadcrumb"},"inLanguage":"en-US","potentialAction":[{"@type":"ReadAction","target":["https:\/\/dipatch.fr\/produit\/patch-thermocollant-brode-tokyo\/"]}]},{"@type":"ImageObject","inLanguage":"en-US","@id":"https:\/\/dipatch.fr\/produit\/patch-thermocollant-brode-tokyo\/#primaryimage","url":"https:\/\/i0.wp.com\/dipatch.fr\/wp-content\/uploads\/2025\/03\/Photoroom_036_20250314_024721.jpeg?fit=2048%2C2048&ssl=1","contentUrl":"https:\/\/i0.wp.com\/dipatch.fr\/wp-content\/uploads\/2025\/03\/Photoroom_036_20250314_024721.jpeg?fit=2048%2C2048&ssl=1","width":2048,"height":2048,"caption":"Patch thermocollant brod\u00e9 Tokyo"},{"@type":"BreadcrumbList","@id":"https:\/\/dipatch.fr\/produit\/patch-thermocollant-brode-tokyo\/#breadcrumb","itemListElement":[{"@type":"ListItem","position":1,"name":"Accueil","item":"https:\/\/dipatch.fr\/"},{"@type":"ListItem","position":2,"name":"boutique","item":"https:\/\/dipatch.fr\/boutique\/"},{"@type":"ListItem","position":3,"name":"Patch thermocollant brod\u00e9 Tokyo"}]},{"@type":"WebSite","@id":"https:\/\/dipatch.fr\/#website","url":"https:\/\/dipatch.fr\/","name":"DIPATCH","description":"DIY textile customization","publisher":{"@id":"https:\/\/dipatch.fr\/#organization"},"potentialAction":[{"@type":"SearchAction","target":{"@type":"EntryPoint","urlTemplate":"https:\/\/dipatch.fr\/?s={search_term_string}"},"query-input":{"@type":"PropertyValueSpecification","valueRequired":true,"valueName":"search_term_string"}}],"inLanguage":"en-US"},{"@type":"Organization","@id":"https:\/\/dipatch.fr\/#organization","name":"DIPATCH","url":"https:\/\/dipatch.fr\/","logo":{"@type":"ImageObject","inLanguage":"en-US","@id":"https:\/\/dipatch.fr\/#\/schema\/logo\/image\/","url":"https:\/\/dipatch.fr\/wp-content\/uploads\/2024\/12\/IMG_0349.jpeg","contentUrl":"https:\/\/dipatch.fr\/wp-content\/uploads\/2024\/12\/IMG_0349.jpeg","width":1520,"height":907,"caption":"DIPATCH"},"image":{"@id":"https:\/\/dipatch.fr\/#\/schema\/logo\/image\/"}}]}},"jetpack_sharing_enabled":true,"_links":{"self":[{"href":"https:\/\/dipatch.fr\/en\/wp-json\/wp\/v2\/product\/1204","targetHints":{"allow":["GET"]}}],"collection":[{"href":"https:\/\/dipatch.fr\/en\/wp-json\/wp\/v2\/product"}],"about":[{"href":"https:\/\/dipatch.fr\/en\/wp-json\/wp\/v2\/types\/product"}],"replies":[{"embeddable":true,"href":"https:\/\/dipatch.fr\/en\/wp-json\/wp\/v2\/comments?post=1204"}],"wp:featuredmedia":[{"embeddable":true,"href":"https:\/\/dipatch.fr\/en\/wp-json\/wp\/v2\/media\/1129"}],"wp:attachment":[{"href":"https:\/\/dipatch.fr\/en\/wp-json\/wp\/v2\/media?parent=1204"}],"wp:term":[{"taxonomy":"product_brand","embeddable":true,"href":"https:\/\/dipatch.fr\/en\/wp-json\/wp\/v2\/product_brand?post=1204"},{"taxonomy":"product_cat","embeddable":true,"href":"https:\/\/dipatch.fr\/en\/wp-json\/wp\/v2\/product_cat?post=1204"},{"taxonomy":"product_tag","embeddable":true,"href":"https:\/\/dipatch.fr\/en\/wp-json\/wp\/v2\/product_tag?post=1204"}],"curies":[{"name":"wp","href":"https:\/\/api.w.org\/{rel}","templated":true}]}}