{"id":1437,"date":"2025-03-19T23:48:59","date_gmt":"2025-03-19T23:48:59","guid":{"rendered":"https:\/\/dipatch.fr\/?post_type=product&#038;p=1437"},"modified":"2025-07-11T00:04:36","modified_gmt":"2025-07-11T00:04:36","slug":"patch-thermocollant-brode-cactus-club","status":"publish","type":"product","link":"https:\/\/dipatch.fr\/en\/product\/patch-thermocollant-brode-cactus-club\/","title":{"rendered":"Cactus Club embroidered iron-on patch"},"content":{"rendered":"<p data-start=\"71\" data-end=\"147\"><strong data-start=\"76\" data-end=\"145\">Cactus Club character iron-on patch \u2013 Eco-friendly &amp; Made in France<\/strong><\/p>\n<p data-start=\"149\" data-end=\"440\">Add a unique touch to your clothes with this <strong data-start=\"210\" data-end=\"239\">Cactus Club character iron-on patch<\/strong>, entirely\u00a0<strong data-start=\"253\" data-end=\"275\">made in France<\/strong>\u00a0in an eco-responsible approach. This high-quality patch is designed with carefully selected materials to minimize its impact on the environment.<\/p>\n<h3 data-start=\"442\" data-end=\"486\"><strong data-start=\"446\" data-end=\"484\"><img decoding=\"async\" class=\"emoji\" role=\"img\" draggable=\"false\" src=\"https:\/\/s.w.org\/images\/core\/emoji\/15.0.3\/svg\/1f331.svg\" alt=\"\ud83c\udf31\" \/>\u00a0A patch committed to ecology<\/strong><\/h3>\n<p data-start=\"487\" data-end=\"1079\"><img decoding=\"async\" class=\"emoji\" role=\"img\" draggable=\"false\" src=\"https:\/\/s.w.org\/images\/core\/emoji\/15.0.3\/svg\/2714.svg\" alt=\"\u2714\" \/>\u00a0<strong data-start=\"489\" data-end=\"526\">Recycled polyester embroidery thread<\/strong>\u00a0: a durable choice for a detailed and durable embroidered finish.<br data-start=\"588\" data-end=\"591\" \/><img decoding=\"async\" class=\"emoji\" role=\"img\" draggable=\"false\" src=\"https:\/\/s.w.org\/images\/core\/emoji\/15.0.3\/svg\/2714.svg\" alt=\"\u2714\" \/>\u00a0<strong data-start=\"593\" data-end=\"621\">97% cotton twill fabric<\/strong>\u00a0: robust, premium and environmentally friendly.<br data-start=\"675\" data-end=\"678\" \/><img decoding=\"async\" class=\"emoji\" role=\"img\" draggable=\"false\" src=\"https:\/\/s.w.org\/images\/core\/emoji\/15.0.3\/svg\/2714.svg\" alt=\"\u2714\" \/>\u00a0<strong data-start=\"680\" data-end=\"725\">Iron-on, handmade and made in France<\/strong>\u00a0: a unique formulation, designed with minimal ecological impact.<br data-start=\"795\" data-end=\"798\" \/><img decoding=\"async\" class=\"emoji\" role=\"img\" draggable=\"false\" src=\"https:\/\/s.w.org\/images\/core\/emoji\/15.0.3\/svg\/2714.svg\" alt=\"\u2714\" \/>\u00a0<strong data-start=\"800\" data-end=\"820\">Premium finish<\/strong>\u00a0: each edge is carefully\u00a0<strong data-start=\"853\" data-end=\"885\">hand-torch sealed<\/strong>\u00a0to prevent fraying and ensure optimal durability.<br data-start=\"948\" data-end=\"951\" data-is-only-node=\"\" \/><img decoding=\"async\" class=\"emoji\" role=\"img\" draggable=\"false\" src=\"https:\/\/s.w.org\/images\/core\/emoji\/15.0.3\/svg\/2714.svg\" alt=\"\u2714\" \/>\u00a0<strong data-start=\"953\" data-end=\"990\">A patch that works for the planet<\/strong>\u00a0: for each order,\u00a0<strong data-start=\"1012\" data-end=\"1034\">1 tree is planted<\/strong>\u00a0in support of reforestation projects.<\/p>\n<h3 data-start=\"1081\" data-end=\"1130\"><strong data-start=\"1085\" data-end=\"1128\"><img decoding=\"async\" class=\"emoji\" role=\"img\" draggable=\"false\" src=\"https:\/\/s.w.org\/images\/core\/emoji\/15.0.3\/svg\/1f9f5.svg\" alt=\"\ud83e\uddf5\" \/>\u00a0Easy to apply &amp; ultra resistant<\/strong><\/h3>\n<p data-start=\"1131\" data-end=\"1351\">This iron-on patch can be applied in seconds with a simple iron. It ensures long-lasting adhesion to a wide range of fabrics. Ideal for customizing your jackets, bags, jeans, and much more!<\/p>\n<p data-start=\"1353\" data-end=\"1528\"><img decoding=\"async\" class=\"emoji\" role=\"img\" draggable=\"false\" src=\"https:\/\/s.w.org\/images\/core\/emoji\/15.0.3\/svg\/1f538.svg\" alt=\"\ud83d\udd38\" \/>\u00a0<strong data-start=\"1356\" data-end=\"1370\">Dimensions<\/strong>\u00a0: from 5 to 10cm<br data-start=\"1392\" data-end=\"1395\" \/><img decoding=\"async\" class=\"emoji\" role=\"img\" draggable=\"false\" src=\"https:\/\/s.w.org\/images\/core\/emoji\/15.0.3\/svg\/1f538.svg\" alt=\"\ud83d\udd38\" \/>\u00a0<strong data-start=\"1398\" data-end=\"1410\">Fixing<\/strong> : permanent iron-on\u00a0<br data-start=\"1481\" data-end=\"1484\" \/><img decoding=\"async\" class=\"emoji\" role=\"img\" draggable=\"false\" src=\"https:\/\/s.w.org\/images\/core\/emoji\/15.0.3\/svg\/1f538.svg\" alt=\"\ud83d\udd38\" \/>\u00a0<strong data-start=\"1487\" data-end=\"1500\">Interview<\/strong>\u00a0: washing at 30\u00b0C recommended<\/p>\n<p data-start=\"1530\" data-end=\"1683\"><img decoding=\"async\" class=\"emoji\" role=\"img\" draggable=\"false\" src=\"https:\/\/s.w.org\/images\/core\/emoji\/15.0.3\/svg\/2705.svg\" alt=\"\u2705\" \/>\u00a0<strong data-start=\"1532\" data-end=\"1681\">Add style while supporting an eco-friendly approach with this durable and environmentally friendly Cactus Club character iron-on patch.<\/strong><\/p>","protected":false},"excerpt":{"rendered":"<p>Patch thermocollant personnage Cactus Club \u2013 \u00c9coresponsable &amp; Made in France Apportez une touche unique \u00e0 vos v\u00eatements avec ce patch thermocollant personnage Cactus Club, enti\u00e8rement\u00a0fabriqu\u00e9 en France\u00a0dans une d\u00e9marche \u00e9coresponsable. Ce patch de haute qualit\u00e9 est con\u00e7u avec des mat\u00e9riaux soigneusement s\u00e9lectionn\u00e9s pour minimiser son impact sur l\u2019environnement. \u00a0Un patch engag\u00e9 pour l\u2019\u00e9cologie \u00a0Fil [&#8230;]","protected":false},"featured_media":1127,"comment_status":"closed","ping_status":"closed","template":"","meta":[],"product_brand":[],"product_cat":[56,54,21],"product_tag":[],"class_list":{"0":"post-1437","1":"product","2":"type-product","3":"status-publish","4":"has-post-thumbnail","6":"product_cat-saison-ensoleille","7":"product_cat-streetwear-design","8":"product_cat-patch-thermocollant","9":"product_shipping_class-envoi-patch","11":"first","12":"instock","13":"shipping-taxable","14":"purchasable","15":"product-type-variable"},"yoast_head":"<!-- This site is optimized with the Yoast SEO plugin v26.5 - https:\/\/yoast.com\/wordpress\/plugins\/seo\/ -->\n<title>Patch thermocollant brod\u00e9 Cactus Club - DIPATCH<\/title>\n<meta name=\"description\" content=\"Ajoutez une touche unique \u00e0 vos v\u00eatements avec ce patch thermocollant personnage Cactus Club et \u00e9coresponsable. Facile \u00e0 poser et durable.\" \/>\n<meta name=\"robots\" content=\"index, follow, max-snippet:-1, max-image-preview:large, max-video-preview:-1\" \/>\n<link rel=\"canonical\" href=\"https:\/\/dipatch.fr\/en\/product\/patch-thermocollant-brode-cactus-club\/\" \/>\n<meta property=\"og:locale\" content=\"en_US\" \/>\n<meta property=\"og:type\" content=\"article\" \/>\n<meta property=\"og:title\" content=\"Patch thermocollant brod\u00e9 Cactus Club - DIPATCH\" \/>\n<meta property=\"og:description\" content=\"Ajoutez une touche unique \u00e0 vos v\u00eatements avec ce patch thermocollant personnage Cactus Club et \u00e9coresponsable. Facile \u00e0 poser et durable.\" \/>\n<meta property=\"og:url\" content=\"https:\/\/dipatch.fr\/en\/product\/patch-thermocollant-brode-cactus-club\/\" \/>\n<meta property=\"og:site_name\" content=\"DIPATCH\" \/>\n<meta property=\"article:modified_time\" content=\"2025-07-11T00:04:36+00:00\" \/>\n<meta property=\"og:image\" content=\"https:\/\/dipatch.fr\/wp-content\/uploads\/2025\/03\/Photoroom_034_20250314_024721.jpeg\" \/>\n\t<meta property=\"og:image:width\" content=\"2048\" \/>\n\t<meta property=\"og:image:height\" content=\"2048\" \/>\n\t<meta property=\"og:image:type\" content=\"image\/jpeg\" \/>\n<meta name=\"twitter:card\" content=\"summary_large_image\" \/>\n<meta name=\"twitter:label1\" content=\"Est. reading time\" \/>\n\t<meta name=\"twitter:data1\" content=\"4 minutes\" \/>\n<script type=\"application\/ld+json\" class=\"yoast-schema-graph\">{\"@context\":\"https:\/\/schema.org\",\"@graph\":[{\"@type\":\"WebPage\",\"@id\":\"https:\/\/dipatch.fr\/produit\/patch-thermocollant-brode-cactus-club\/\",\"url\":\"https:\/\/dipatch.fr\/produit\/patch-thermocollant-brode-cactus-club\/\",\"name\":\"Patch thermocollant brod\u00e9 Cactus Club - DIPATCH\",\"isPartOf\":{\"@id\":\"https:\/\/dipatch.fr\/#website\"},\"primaryImageOfPage\":{\"@id\":\"https:\/\/dipatch.fr\/produit\/patch-thermocollant-brode-cactus-club\/#primaryimage\"},\"image\":{\"@id\":\"https:\/\/dipatch.fr\/produit\/patch-thermocollant-brode-cactus-club\/#primaryimage\"},\"thumbnailUrl\":\"https:\/\/i0.wp.com\/dipatch.fr\/wp-content\/uploads\/2025\/03\/Photoroom_034_20250314_024721.jpeg?fit=2048%2C2048&ssl=1\",\"datePublished\":\"2025-03-19T23:48:59+00:00\",\"dateModified\":\"2025-07-11T00:04:36+00:00\",\"description\":\"Ajoutez une touche unique \u00e0 vos v\u00eatements avec ce patch thermocollant personnage Cactus Club et \u00e9coresponsable. Facile \u00e0 poser et durable.\",\"breadcrumb\":{\"@id\":\"https:\/\/dipatch.fr\/produit\/patch-thermocollant-brode-cactus-club\/#breadcrumb\"},\"inLanguage\":\"en-US\",\"potentialAction\":[{\"@type\":\"ReadAction\",\"target\":[\"https:\/\/dipatch.fr\/produit\/patch-thermocollant-brode-cactus-club\/\"]}]},{\"@type\":\"ImageObject\",\"inLanguage\":\"en-US\",\"@id\":\"https:\/\/dipatch.fr\/produit\/patch-thermocollant-brode-cactus-club\/#primaryimage\",\"url\":\"https:\/\/i0.wp.com\/dipatch.fr\/wp-content\/uploads\/2025\/03\/Photoroom_034_20250314_024721.jpeg?fit=2048%2C2048&ssl=1\",\"contentUrl\":\"https:\/\/i0.wp.com\/dipatch.fr\/wp-content\/uploads\/2025\/03\/Photoroom_034_20250314_024721.jpeg?fit=2048%2C2048&ssl=1\",\"width\":2048,\"height\":2048,\"caption\":\"Patch thermocollant brod\u00e9 Cactus Club\"},{\"@type\":\"BreadcrumbList\",\"@id\":\"https:\/\/dipatch.fr\/produit\/patch-thermocollant-brode-cactus-club\/#breadcrumb\",\"itemListElement\":[{\"@type\":\"ListItem\",\"position\":1,\"name\":\"Accueil\",\"item\":\"https:\/\/dipatch.fr\/\"},{\"@type\":\"ListItem\",\"position\":2,\"name\":\"boutique\",\"item\":\"https:\/\/dipatch.fr\/boutique\/\"},{\"@type\":\"ListItem\",\"position\":3,\"name\":\"Patch thermocollant brod\u00e9 Cactus Club\"}]},{\"@type\":\"WebSite\",\"@id\":\"https:\/\/dipatch.fr\/#website\",\"url\":\"https:\/\/dipatch.fr\/\",\"name\":\"DIPATCH\",\"description\":\"Personnalisation textile DIY\",\"publisher\":{\"@id\":\"https:\/\/dipatch.fr\/#organization\"},\"potentialAction\":[{\"@type\":\"SearchAction\",\"target\":{\"@type\":\"EntryPoint\",\"urlTemplate\":\"https:\/\/dipatch.fr\/?s={search_term_string}\"},\"query-input\":{\"@type\":\"PropertyValueSpecification\",\"valueRequired\":true,\"valueName\":\"search_term_string\"}}],\"inLanguage\":\"en-US\"},{\"@type\":\"Organization\",\"@id\":\"https:\/\/dipatch.fr\/#organization\",\"name\":\"DIPATCH\",\"url\":\"https:\/\/dipatch.fr\/\",\"logo\":{\"@type\":\"ImageObject\",\"inLanguage\":\"en-US\",\"@id\":\"https:\/\/dipatch.fr\/#\/schema\/logo\/image\/\",\"url\":\"https:\/\/dipatch.fr\/wp-content\/uploads\/2024\/12\/IMG_0349.jpeg\",\"contentUrl\":\"https:\/\/dipatch.fr\/wp-content\/uploads\/2024\/12\/IMG_0349.jpeg\",\"width\":1520,\"height\":907,\"caption\":\"DIPATCH\"},\"image\":{\"@id\":\"https:\/\/dipatch.fr\/#\/schema\/logo\/image\/\"}}]}<\/script>\n<!-- \/ Yoast SEO plugin. -->","yoast_head_json":{"title":"Patch thermocollant brod\u00e9 Cactus Club - DIPATCH","description":"Ajoutez une touche unique \u00e0 vos v\u00eatements avec ce patch thermocollant personnage Cactus Club et \u00e9coresponsable. Facile \u00e0 poser et durable.","robots":{"index":"index","follow":"follow","max-snippet":"max-snippet:-1","max-image-preview":"max-image-preview:large","max-video-preview":"max-video-preview:-1"},"canonical":"https:\/\/dipatch.fr\/en\/product\/patch-thermocollant-brode-cactus-club\/","og_locale":"en_US","og_type":"article","og_title":"Patch thermocollant brod\u00e9 Cactus Club - DIPATCH","og_description":"Ajoutez une touche unique \u00e0 vos v\u00eatements avec ce patch thermocollant personnage Cactus Club et \u00e9coresponsable. Facile \u00e0 poser et durable.","og_url":"https:\/\/dipatch.fr\/en\/product\/patch-thermocollant-brode-cactus-club\/","og_site_name":"DIPATCH","article_modified_time":"2025-07-11T00:04:36+00:00","og_image":[{"width":2048,"height":2048,"url":"https:\/\/dipatch.fr\/wp-content\/uploads\/2025\/03\/Photoroom_034_20250314_024721.jpeg","type":"image\/jpeg"}],"twitter_card":"summary_large_image","twitter_misc":{"Est. reading time":"4 minutes"},"schema":{"@context":"https:\/\/schema.org","@graph":[{"@type":"WebPage","@id":"https:\/\/dipatch.fr\/produit\/patch-thermocollant-brode-cactus-club\/","url":"https:\/\/dipatch.fr\/produit\/patch-thermocollant-brode-cactus-club\/","name":"Patch thermocollant brod\u00e9 Cactus Club - DIPATCH","isPartOf":{"@id":"https:\/\/dipatch.fr\/#website"},"primaryImageOfPage":{"@id":"https:\/\/dipatch.fr\/produit\/patch-thermocollant-brode-cactus-club\/#primaryimage"},"image":{"@id":"https:\/\/dipatch.fr\/produit\/patch-thermocollant-brode-cactus-club\/#primaryimage"},"thumbnailUrl":"https:\/\/i0.wp.com\/dipatch.fr\/wp-content\/uploads\/2025\/03\/Photoroom_034_20250314_024721.jpeg?fit=2048%2C2048&ssl=1","datePublished":"2025-03-19T23:48:59+00:00","dateModified":"2025-07-11T00:04:36+00:00","description":"Ajoutez une touche unique \u00e0 vos v\u00eatements avec ce patch thermocollant personnage Cactus Club et \u00e9coresponsable. Facile \u00e0 poser et durable.","breadcrumb":{"@id":"https:\/\/dipatch.fr\/produit\/patch-thermocollant-brode-cactus-club\/#breadcrumb"},"inLanguage":"en-US","potentialAction":[{"@type":"ReadAction","target":["https:\/\/dipatch.fr\/produit\/patch-thermocollant-brode-cactus-club\/"]}]},{"@type":"ImageObject","inLanguage":"en-US","@id":"https:\/\/dipatch.fr\/produit\/patch-thermocollant-brode-cactus-club\/#primaryimage","url":"https:\/\/i0.wp.com\/dipatch.fr\/wp-content\/uploads\/2025\/03\/Photoroom_034_20250314_024721.jpeg?fit=2048%2C2048&ssl=1","contentUrl":"https:\/\/i0.wp.com\/dipatch.fr\/wp-content\/uploads\/2025\/03\/Photoroom_034_20250314_024721.jpeg?fit=2048%2C2048&ssl=1","width":2048,"height":2048,"caption":"Patch thermocollant brod\u00e9 Cactus Club"},{"@type":"BreadcrumbList","@id":"https:\/\/dipatch.fr\/produit\/patch-thermocollant-brode-cactus-club\/#breadcrumb","itemListElement":[{"@type":"ListItem","position":1,"name":"Accueil","item":"https:\/\/dipatch.fr\/"},{"@type":"ListItem","position":2,"name":"boutique","item":"https:\/\/dipatch.fr\/boutique\/"},{"@type":"ListItem","position":3,"name":"Patch thermocollant brod\u00e9 Cactus Club"}]},{"@type":"WebSite","@id":"https:\/\/dipatch.fr\/#website","url":"https:\/\/dipatch.fr\/","name":"DIPATCH","description":"DIY textile customization","publisher":{"@id":"https:\/\/dipatch.fr\/#organization"},"potentialAction":[{"@type":"SearchAction","target":{"@type":"EntryPoint","urlTemplate":"https:\/\/dipatch.fr\/?s={search_term_string}"},"query-input":{"@type":"PropertyValueSpecification","valueRequired":true,"valueName":"search_term_string"}}],"inLanguage":"en-US"},{"@type":"Organization","@id":"https:\/\/dipatch.fr\/#organization","name":"DIPATCH","url":"https:\/\/dipatch.fr\/","logo":{"@type":"ImageObject","inLanguage":"en-US","@id":"https:\/\/dipatch.fr\/#\/schema\/logo\/image\/","url":"https:\/\/dipatch.fr\/wp-content\/uploads\/2024\/12\/IMG_0349.jpeg","contentUrl":"https:\/\/dipatch.fr\/wp-content\/uploads\/2024\/12\/IMG_0349.jpeg","width":1520,"height":907,"caption":"DIPATCH"},"image":{"@id":"https:\/\/dipatch.fr\/#\/schema\/logo\/image\/"}}]}},"jetpack_sharing_enabled":true,"_links":{"self":[{"href":"https:\/\/dipatch.fr\/en\/wp-json\/wp\/v2\/product\/1437","targetHints":{"allow":["GET"]}}],"collection":[{"href":"https:\/\/dipatch.fr\/en\/wp-json\/wp\/v2\/product"}],"about":[{"href":"https:\/\/dipatch.fr\/en\/wp-json\/wp\/v2\/types\/product"}],"replies":[{"embeddable":true,"href":"https:\/\/dipatch.fr\/en\/wp-json\/wp\/v2\/comments?post=1437"}],"wp:featuredmedia":[{"embeddable":true,"href":"https:\/\/dipatch.fr\/en\/wp-json\/wp\/v2\/media\/1127"}],"wp:attachment":[{"href":"https:\/\/dipatch.fr\/en\/wp-json\/wp\/v2\/media?parent=1437"}],"wp:term":[{"taxonomy":"product_brand","embeddable":true,"href":"https:\/\/dipatch.fr\/en\/wp-json\/wp\/v2\/product_brand?post=1437"},{"taxonomy":"product_cat","embeddable":true,"href":"https:\/\/dipatch.fr\/en\/wp-json\/wp\/v2\/product_cat?post=1437"},{"taxonomy":"product_tag","embeddable":true,"href":"https:\/\/dipatch.fr\/en\/wp-json\/wp\/v2\/product_tag?post=1437"}],"curies":[{"name":"wp","href":"https:\/\/api.w.org\/{rel}","templated":true}]}}