{"id":1762,"date":"2025-05-01T17:15:39","date_gmt":"2025-05-01T17:15:39","guid":{"rendered":"https:\/\/dipatch.fr\/?post_type=product&#038;p=1762"},"modified":"2025-07-10T23:59:32","modified_gmt":"2025-07-10T23:59:32","slug":"patch-thermocollant-brode-chien-berger-allemand","status":"publish","type":"product","link":"https:\/\/dipatch.fr\/en\/product\/patch-thermocollant-brode-chien-berger-allemand\/","title":{"rendered":"German Shepherd Dog Embroidered Iron-On Patch"},"content":{"rendered":"<h3 class=\"\" data-start=\"610\" data-end=\"666\">\ud83d\udc15 An expressive patch for dog lovers<\/h3>\n<p class=\"\" data-start=\"667\" data-end=\"1020\">Fall for this <strong data-start=\"683\" data-end=\"718\">embroidered dog iron-on patch<\/strong> like a <strong data-start=\"734\" data-end=\"761\">happy German Shepherd<\/strong>, eyes closed and tongue out. A fun and endearing design that will instantly add character to your textiles. This patch is <strong data-start=\"898\" data-end=\"939\">handmade in our French workshop<\/strong>, with carefully selected materials for a premium and ethical finish.<\/p>\n<h3 data-start=\"442\" data-end=\"486\"><strong data-start=\"446\" data-end=\"484\"><img decoding=\"async\" class=\"emoji\" role=\"img\" draggable=\"false\" src=\"https:\/\/s.w.org\/images\/core\/emoji\/15.0.3\/svg\/1f331.svg\" alt=\"\ud83c\udf31\" \/>\u00a0A patch committed to ecology<\/strong><\/h3>\n<p data-start=\"487\" data-end=\"1079\"><img decoding=\"async\" class=\"emoji\" role=\"img\" draggable=\"false\" src=\"https:\/\/s.w.org\/images\/core\/emoji\/15.0.3\/svg\/2714.svg\" alt=\"\u2714\" \/>\u00a0<strong data-start=\"489\" data-end=\"526\">Recycled polyester embroidery thread<\/strong>\u00a0: a durable choice for a detailed and durable embroidered finish.<br data-start=\"588\" data-end=\"591\" \/><img decoding=\"async\" class=\"emoji\" role=\"img\" draggable=\"false\" src=\"https:\/\/s.w.org\/images\/core\/emoji\/15.0.3\/svg\/2714.svg\" alt=\"\u2714\" \/>\u00a0<strong data-start=\"593\" data-end=\"621\">97% cotton twill fabric<\/strong>\u00a0: robust, premium and environmentally friendly.<br data-start=\"675\" data-end=\"678\" \/><img decoding=\"async\" class=\"emoji\" role=\"img\" draggable=\"false\" src=\"https:\/\/s.w.org\/images\/core\/emoji\/15.0.3\/svg\/2714.svg\" alt=\"\u2714\" \/>\u00a0<strong data-start=\"680\" data-end=\"725\">Iron-on, handmade and made in France<\/strong>\u00a0: a unique formulation, designed with minimal ecological impact.<br data-start=\"795\" data-end=\"798\" \/><img decoding=\"async\" class=\"emoji\" role=\"img\" draggable=\"false\" src=\"https:\/\/s.w.org\/images\/core\/emoji\/15.0.3\/svg\/2714.svg\" alt=\"\u2714\" \/>\u00a0<strong data-start=\"800\" data-end=\"820\">Premium finish<\/strong>\u00a0: each edge is carefully\u00a0<strong data-start=\"853\" data-end=\"885\">hand-torch sealed<\/strong>\u00a0to prevent fraying and ensure optimal durability.<br data-start=\"948\" data-end=\"951\" data-is-only-node=\"\" \/><img decoding=\"async\" class=\"emoji\" role=\"img\" draggable=\"false\" src=\"https:\/\/s.w.org\/images\/core\/emoji\/15.0.3\/svg\/2714.svg\" alt=\"\u2714\" \/>\u00a0<strong data-start=\"953\" data-end=\"990\">A patch that works for the planet<\/strong>\u00a0: for each order,\u00a0<strong data-start=\"1012\" data-end=\"1034\">1 tree is planted<\/strong>\u00a0in support of reforestation projects.<\/p>\n<h3 data-start=\"1081\" data-end=\"1130\"><strong data-start=\"1085\" data-end=\"1128\"><img decoding=\"async\" class=\"emoji\" role=\"img\" draggable=\"false\" src=\"https:\/\/s.w.org\/images\/core\/emoji\/15.0.3\/svg\/1f9f5.svg\" alt=\"\ud83e\uddf5\" \/>\u00a0Easy to apply &amp; ultra resistant<\/strong><\/h3>\n<p data-start=\"1131\" data-end=\"1351\">This iron-on patch can be applied in seconds with a simple iron. It ensures long-lasting adhesion to a wide range of fabrics. Ideal for customizing your jackets, bags, jeans, and much more!<\/p>\n<p data-start=\"1353\" data-end=\"1528\"><img decoding=\"async\" class=\"emoji\" role=\"img\" draggable=\"false\" src=\"https:\/\/s.w.org\/images\/core\/emoji\/15.0.3\/svg\/1f538.svg\" alt=\"\ud83d\udd38\" \/>\u00a0<strong data-start=\"1356\" data-end=\"1370\">Dimensions<\/strong>\u00a0: from 5 to 10cm<br data-start=\"1392\" data-end=\"1395\" \/><img decoding=\"async\" class=\"emoji\" role=\"img\" draggable=\"false\" src=\"https:\/\/s.w.org\/images\/core\/emoji\/15.0.3\/svg\/1f538.svg\" alt=\"\ud83d\udd38\" \/>\u00a0<strong data-start=\"1398\" data-end=\"1410\">Fixing<\/strong> : permanent iron-on\u00a0<br data-start=\"1481\" data-end=\"1484\" \/><img decoding=\"async\" class=\"emoji\" role=\"img\" draggable=\"false\" src=\"https:\/\/s.w.org\/images\/core\/emoji\/15.0.3\/svg\/1f538.svg\" alt=\"\ud83d\udd38\" \/>\u00a0<strong data-start=\"1487\" data-end=\"1500\">Interview<\/strong>\u00a0: washing at 30\u00b0C recommended<\/p>\n<p data-start=\"1530\" data-end=\"1683\"><img decoding=\"async\" class=\"emoji\" role=\"img\" draggable=\"false\" src=\"https:\/\/s.w.org\/images\/core\/emoji\/15.0.3\/svg\/2705.svg\" alt=\"\u2705\" \/>\u00a0<strong data-start=\"1532\" data-end=\"1681\">Add style while supporting an eco-friendly approach with this durable, environmentally friendly German Shepherd Dog iron-on patch.<\/strong><\/p>","protected":false},"excerpt":{"rendered":"<p>\ud83d\udc15 Un patch expressif pour les amoureux des chiens Craquez pour ce patch thermocollant brod\u00e9 chien \u00e0 l\u2019image d\u2019un berger allemand heureux, les yeux ferm\u00e9s et la langue dehors. Un design fun et attachant qui apportera instantan\u00e9ment du caract\u00e8re \u00e0 vos textiles. Ce patch est fait main dans notre atelier fran\u00e7ais, avec des mat\u00e9riaux soigneusement [&#8230;]","protected":false},"featured_media":1702,"comment_status":"open","ping_status":"closed","template":"","meta":[],"product_brand":[],"product_cat":[50,21],"product_tag":[],"class_list":{"0":"post-1762","1":"product","2":"type-product","3":"status-publish","4":"has-post-thumbnail","6":"product_cat-animaux","7":"product_cat-patch-thermocollant","8":"product_shipping_class-envoi-patch","10":"first","11":"instock","12":"shipping-taxable","13":"purchasable","14":"product-type-variable"},"yoast_head":"<!-- This site is optimized with the Yoast SEO plugin v26.5 - https:\/\/yoast.com\/wordpress\/plugins\/seo\/ -->\n<title>Patch thermocollant brod\u00e9 Chien Berger Allemand - DIPATCH<\/title>\n<meta name=\"description\" content=\"Patch thermocollant repr\u00e9sentant un chien berger allemand joyeux, brod\u00e9 \u00e0 la main en France. Pose facile, rendu premium et mat\u00e9riaux \u00e9coresponsables.\" \/>\n<meta name=\"robots\" content=\"index, follow, max-snippet:-1, max-image-preview:large, max-video-preview:-1\" \/>\n<link rel=\"canonical\" href=\"https:\/\/dipatch.fr\/en\/product\/patch-thermocollant-brode-chien-berger-allemand\/\" \/>\n<meta property=\"og:locale\" content=\"en_US\" \/>\n<meta property=\"og:type\" content=\"article\" \/>\n<meta property=\"og:title\" content=\"Patch thermocollant brod\u00e9 Chien Berger Allemand - DIPATCH\" \/>\n<meta property=\"og:description\" content=\"Patch thermocollant repr\u00e9sentant un chien berger allemand joyeux, brod\u00e9 \u00e0 la main en France. Pose facile, rendu premium et mat\u00e9riaux \u00e9coresponsables.\" \/>\n<meta property=\"og:url\" content=\"https:\/\/dipatch.fr\/en\/product\/patch-thermocollant-brode-chien-berger-allemand\/\" \/>\n<meta property=\"og:site_name\" content=\"DIPATCH\" \/>\n<meta property=\"article:modified_time\" content=\"2025-07-10T23:59:32+00:00\" \/>\n<meta property=\"og:image\" content=\"https:\/\/dipatch.fr\/wp-content\/uploads\/2025\/05\/Photoroom_005_20250428_000220.jpeg\" \/>\n\t<meta property=\"og:image:width\" content=\"2048\" \/>\n\t<meta property=\"og:image:height\" content=\"2048\" \/>\n\t<meta property=\"og:image:type\" content=\"image\/jpeg\" \/>\n<meta name=\"twitter:card\" content=\"summary_large_image\" \/>\n<meta name=\"twitter:label1\" content=\"Est. reading time\" \/>\n\t<meta name=\"twitter:data1\" content=\"4 minutes\" \/>\n<script type=\"application\/ld+json\" class=\"yoast-schema-graph\">{\"@context\":\"https:\/\/schema.org\",\"@graph\":[{\"@type\":\"WebPage\",\"@id\":\"https:\/\/dipatch.fr\/produit\/patch-thermocollant-brode-chien-berger-allemand\/\",\"url\":\"https:\/\/dipatch.fr\/produit\/patch-thermocollant-brode-chien-berger-allemand\/\",\"name\":\"Patch thermocollant brod\u00e9 Chien Berger Allemand - DIPATCH\",\"isPartOf\":{\"@id\":\"https:\/\/dipatch.fr\/#website\"},\"primaryImageOfPage\":{\"@id\":\"https:\/\/dipatch.fr\/produit\/patch-thermocollant-brode-chien-berger-allemand\/#primaryimage\"},\"image\":{\"@id\":\"https:\/\/dipatch.fr\/produit\/patch-thermocollant-brode-chien-berger-allemand\/#primaryimage\"},\"thumbnailUrl\":\"https:\/\/i0.wp.com\/dipatch.fr\/wp-content\/uploads\/2025\/05\/Photoroom_005_20250428_000220.jpeg?fit=2048%2C2048&ssl=1\",\"datePublished\":\"2025-05-01T17:15:39+00:00\",\"dateModified\":\"2025-07-10T23:59:32+00:00\",\"description\":\"Patch thermocollant repr\u00e9sentant un chien berger allemand joyeux, brod\u00e9 \u00e0 la main en France. Pose facile, rendu premium et mat\u00e9riaux \u00e9coresponsables.\",\"breadcrumb\":{\"@id\":\"https:\/\/dipatch.fr\/produit\/patch-thermocollant-brode-chien-berger-allemand\/#breadcrumb\"},\"inLanguage\":\"en-US\",\"potentialAction\":[{\"@type\":\"ReadAction\",\"target\":[\"https:\/\/dipatch.fr\/produit\/patch-thermocollant-brode-chien-berger-allemand\/\"]}]},{\"@type\":\"ImageObject\",\"inLanguage\":\"en-US\",\"@id\":\"https:\/\/dipatch.fr\/produit\/patch-thermocollant-brode-chien-berger-allemand\/#primaryimage\",\"url\":\"https:\/\/i0.wp.com\/dipatch.fr\/wp-content\/uploads\/2025\/05\/Photoroom_005_20250428_000220.jpeg?fit=2048%2C2048&ssl=1\",\"contentUrl\":\"https:\/\/i0.wp.com\/dipatch.fr\/wp-content\/uploads\/2025\/05\/Photoroom_005_20250428_000220.jpeg?fit=2048%2C2048&ssl=1\",\"width\":2048,\"height\":2048,\"caption\":\"patch thermocollant chien berger allemand\"},{\"@type\":\"BreadcrumbList\",\"@id\":\"https:\/\/dipatch.fr\/produit\/patch-thermocollant-brode-chien-berger-allemand\/#breadcrumb\",\"itemListElement\":[{\"@type\":\"ListItem\",\"position\":1,\"name\":\"Accueil\",\"item\":\"https:\/\/dipatch.fr\/\"},{\"@type\":\"ListItem\",\"position\":2,\"name\":\"boutique\",\"item\":\"https:\/\/dipatch.fr\/boutique\/\"},{\"@type\":\"ListItem\",\"position\":3,\"name\":\"Patch thermocollant brod\u00e9 Chien Berger Allemand\"}]},{\"@type\":\"WebSite\",\"@id\":\"https:\/\/dipatch.fr\/#website\",\"url\":\"https:\/\/dipatch.fr\/\",\"name\":\"DIPATCH\",\"description\":\"Personnalisation textile DIY\",\"publisher\":{\"@id\":\"https:\/\/dipatch.fr\/#organization\"},\"potentialAction\":[{\"@type\":\"SearchAction\",\"target\":{\"@type\":\"EntryPoint\",\"urlTemplate\":\"https:\/\/dipatch.fr\/?s={search_term_string}\"},\"query-input\":{\"@type\":\"PropertyValueSpecification\",\"valueRequired\":true,\"valueName\":\"search_term_string\"}}],\"inLanguage\":\"en-US\"},{\"@type\":\"Organization\",\"@id\":\"https:\/\/dipatch.fr\/#organization\",\"name\":\"DIPATCH\",\"url\":\"https:\/\/dipatch.fr\/\",\"logo\":{\"@type\":\"ImageObject\",\"inLanguage\":\"en-US\",\"@id\":\"https:\/\/dipatch.fr\/#\/schema\/logo\/image\/\",\"url\":\"https:\/\/dipatch.fr\/wp-content\/uploads\/2024\/12\/IMG_0349.jpeg\",\"contentUrl\":\"https:\/\/dipatch.fr\/wp-content\/uploads\/2024\/12\/IMG_0349.jpeg\",\"width\":1520,\"height\":907,\"caption\":\"DIPATCH\"},\"image\":{\"@id\":\"https:\/\/dipatch.fr\/#\/schema\/logo\/image\/\"}}]}<\/script>\n<!-- \/ Yoast SEO plugin. -->","yoast_head_json":{"title":"Patch thermocollant brod\u00e9 Chien Berger Allemand - DIPATCH","description":"Patch thermocollant repr\u00e9sentant un chien berger allemand joyeux, brod\u00e9 \u00e0 la main en France. Pose facile, rendu premium et mat\u00e9riaux \u00e9coresponsables.","robots":{"index":"index","follow":"follow","max-snippet":"max-snippet:-1","max-image-preview":"max-image-preview:large","max-video-preview":"max-video-preview:-1"},"canonical":"https:\/\/dipatch.fr\/en\/product\/patch-thermocollant-brode-chien-berger-allemand\/","og_locale":"en_US","og_type":"article","og_title":"Patch thermocollant brod\u00e9 Chien Berger Allemand - DIPATCH","og_description":"Patch thermocollant repr\u00e9sentant un chien berger allemand joyeux, brod\u00e9 \u00e0 la main en France. Pose facile, rendu premium et mat\u00e9riaux \u00e9coresponsables.","og_url":"https:\/\/dipatch.fr\/en\/product\/patch-thermocollant-brode-chien-berger-allemand\/","og_site_name":"DIPATCH","article_modified_time":"2025-07-10T23:59:32+00:00","og_image":[{"width":2048,"height":2048,"url":"https:\/\/dipatch.fr\/wp-content\/uploads\/2025\/05\/Photoroom_005_20250428_000220.jpeg","type":"image\/jpeg"}],"twitter_card":"summary_large_image","twitter_misc":{"Est. reading time":"4 minutes"},"schema":{"@context":"https:\/\/schema.org","@graph":[{"@type":"WebPage","@id":"https:\/\/dipatch.fr\/produit\/patch-thermocollant-brode-chien-berger-allemand\/","url":"https:\/\/dipatch.fr\/produit\/patch-thermocollant-brode-chien-berger-allemand\/","name":"Patch thermocollant brod\u00e9 Chien Berger Allemand - DIPATCH","isPartOf":{"@id":"https:\/\/dipatch.fr\/#website"},"primaryImageOfPage":{"@id":"https:\/\/dipatch.fr\/produit\/patch-thermocollant-brode-chien-berger-allemand\/#primaryimage"},"image":{"@id":"https:\/\/dipatch.fr\/produit\/patch-thermocollant-brode-chien-berger-allemand\/#primaryimage"},"thumbnailUrl":"https:\/\/i0.wp.com\/dipatch.fr\/wp-content\/uploads\/2025\/05\/Photoroom_005_20250428_000220.jpeg?fit=2048%2C2048&ssl=1","datePublished":"2025-05-01T17:15:39+00:00","dateModified":"2025-07-10T23:59:32+00:00","description":"Patch thermocollant repr\u00e9sentant un chien berger allemand joyeux, brod\u00e9 \u00e0 la main en France. Pose facile, rendu premium et mat\u00e9riaux \u00e9coresponsables.","breadcrumb":{"@id":"https:\/\/dipatch.fr\/produit\/patch-thermocollant-brode-chien-berger-allemand\/#breadcrumb"},"inLanguage":"en-US","potentialAction":[{"@type":"ReadAction","target":["https:\/\/dipatch.fr\/produit\/patch-thermocollant-brode-chien-berger-allemand\/"]}]},{"@type":"ImageObject","inLanguage":"en-US","@id":"https:\/\/dipatch.fr\/produit\/patch-thermocollant-brode-chien-berger-allemand\/#primaryimage","url":"https:\/\/i0.wp.com\/dipatch.fr\/wp-content\/uploads\/2025\/05\/Photoroom_005_20250428_000220.jpeg?fit=2048%2C2048&ssl=1","contentUrl":"https:\/\/i0.wp.com\/dipatch.fr\/wp-content\/uploads\/2025\/05\/Photoroom_005_20250428_000220.jpeg?fit=2048%2C2048&ssl=1","width":2048,"height":2048,"caption":"patch thermocollant chien berger allemand"},{"@type":"BreadcrumbList","@id":"https:\/\/dipatch.fr\/produit\/patch-thermocollant-brode-chien-berger-allemand\/#breadcrumb","itemListElement":[{"@type":"ListItem","position":1,"name":"Accueil","item":"https:\/\/dipatch.fr\/"},{"@type":"ListItem","position":2,"name":"boutique","item":"https:\/\/dipatch.fr\/boutique\/"},{"@type":"ListItem","position":3,"name":"Patch thermocollant brod\u00e9 Chien Berger Allemand"}]},{"@type":"WebSite","@id":"https:\/\/dipatch.fr\/#website","url":"https:\/\/dipatch.fr\/","name":"DIPATCH","description":"DIY textile customization","publisher":{"@id":"https:\/\/dipatch.fr\/#organization"},"potentialAction":[{"@type":"SearchAction","target":{"@type":"EntryPoint","urlTemplate":"https:\/\/dipatch.fr\/?s={search_term_string}"},"query-input":{"@type":"PropertyValueSpecification","valueRequired":true,"valueName":"search_term_string"}}],"inLanguage":"en-US"},{"@type":"Organization","@id":"https:\/\/dipatch.fr\/#organization","name":"DIPATCH","url":"https:\/\/dipatch.fr\/","logo":{"@type":"ImageObject","inLanguage":"en-US","@id":"https:\/\/dipatch.fr\/#\/schema\/logo\/image\/","url":"https:\/\/dipatch.fr\/wp-content\/uploads\/2024\/12\/IMG_0349.jpeg","contentUrl":"https:\/\/dipatch.fr\/wp-content\/uploads\/2024\/12\/IMG_0349.jpeg","width":1520,"height":907,"caption":"DIPATCH"},"image":{"@id":"https:\/\/dipatch.fr\/#\/schema\/logo\/image\/"}}]}},"jetpack_sharing_enabled":true,"_links":{"self":[{"href":"https:\/\/dipatch.fr\/en\/wp-json\/wp\/v2\/product\/1762","targetHints":{"allow":["GET"]}}],"collection":[{"href":"https:\/\/dipatch.fr\/en\/wp-json\/wp\/v2\/product"}],"about":[{"href":"https:\/\/dipatch.fr\/en\/wp-json\/wp\/v2\/types\/product"}],"replies":[{"embeddable":true,"href":"https:\/\/dipatch.fr\/en\/wp-json\/wp\/v2\/comments?post=1762"}],"wp:featuredmedia":[{"embeddable":true,"href":"https:\/\/dipatch.fr\/en\/wp-json\/wp\/v2\/media\/1702"}],"wp:attachment":[{"href":"https:\/\/dipatch.fr\/en\/wp-json\/wp\/v2\/media?parent=1762"}],"wp:term":[{"taxonomy":"product_brand","embeddable":true,"href":"https:\/\/dipatch.fr\/en\/wp-json\/wp\/v2\/product_brand?post=1762"},{"taxonomy":"product_cat","embeddable":true,"href":"https:\/\/dipatch.fr\/en\/wp-json\/wp\/v2\/product_cat?post=1762"},{"taxonomy":"product_tag","embeddable":true,"href":"https:\/\/dipatch.fr\/en\/wp-json\/wp\/v2\/product_tag?post=1762"}],"curies":[{"name":"wp","href":"https:\/\/api.w.org\/{rel}","templated":true}]}}