{"id":2955,"date":"2025-10-06T22:40:26","date_gmt":"2025-10-06T22:40:26","guid":{"rendered":"https:\/\/dipatch.fr\/?post_type=product&#038;p=2955"},"modified":"2025-10-10T07:47:42","modified_gmt":"2025-10-10T07:47:42","slug":"patch-thermocollant-octobre-rose","status":"publish","type":"product","link":"https:\/\/dipatch.fr\/en\/product\/patch-thermocollant-octobre-rose\/","title":{"rendered":"Patch thermocollant Octobre Rose \u2013 Soutenez la recherche \ud83d\udc97"},"content":{"rendered":"<p data-start=\"278\" data-end=\"407\">\ud83c\udf80 En octobre, chaque geste compte \ud83d\udcaa<br data-start=\"312\" data-end=\"315\" \/>DIPatch s\u2019engage pour la lutte contre le cancer du sein aux c\u00f4t\u00e9s de la <strong data-start=\"387\" data-end=\"404\">Fondation ARC<\/strong>.<\/p>\n<p data-start=\"409\" data-end=\"583\"><strong data-start=\"412\" data-end=\"536\">\ud83d\udc97 Pour chaque patch Octobre Rose ajout\u00e9 \u00e0 votre panier, 20 % du total de votre commande seront revers\u00e9s \u00e0 la Fondation ARC<\/strong> pour financer la recherche contre le cancer.<\/p>\n<p data-start=\"585\" data-end=\"838\">Ce patch symbolique, brod\u00e9 \u00e0 la main dans notre atelier pr\u00e8s de Montpellier, repr\u00e9sente la solidarit\u00e9, la force et l\u2019espoir.<br data-start=\"709\" data-end=\"712\" \/>Parfait pour personnaliser un t-shirt, une veste, un totebag ou un sweat, il se pose en quelques secondes au fer \u00e0 repasser.<\/p>\n<h3 data-start=\"442\" data-end=\"486\"><strong data-start=\"446\" data-end=\"484\"><img decoding=\"async\" class=\"emoji\" role=\"img\" draggable=\"false\" src=\"https:\/\/s.w.org\/images\/core\/emoji\/15.0.3\/svg\/1f331.svg\" alt=\"\ud83c\udf31\" \/>\u00a0A patch committed to ecology<\/strong><\/h3>\n<p data-start=\"487\" data-end=\"1079\"><img decoding=\"async\" class=\"emoji\" role=\"img\" draggable=\"false\" src=\"https:\/\/s.w.org\/images\/core\/emoji\/15.0.3\/svg\/2714.svg\" alt=\"\u2714\" \/>\u00a0<strong data-start=\"489\" data-end=\"526\">Recycled polyester embroidery thread<\/strong>\u00a0: a durable choice for a detailed and durable embroidered finish.<br data-start=\"588\" data-end=\"591\" \/><img decoding=\"async\" class=\"emoji\" role=\"img\" draggable=\"false\" src=\"https:\/\/s.w.org\/images\/core\/emoji\/15.0.3\/svg\/2714.svg\" alt=\"\u2714\" \/>\u00a0<strong data-start=\"593\" data-end=\"621\">97% cotton twill fabric<\/strong>\u00a0: robust, premium and environmentally friendly.<br data-start=\"675\" data-end=\"678\" \/><img decoding=\"async\" class=\"emoji\" role=\"img\" draggable=\"false\" src=\"https:\/\/s.w.org\/images\/core\/emoji\/15.0.3\/svg\/2714.svg\" alt=\"\u2714\" \/>\u00a0<strong data-start=\"680\" data-end=\"725\">Iron-on, handmade and made in France<\/strong>\u00a0: a unique formulation, designed with minimal ecological impact.<br data-start=\"795\" data-end=\"798\" \/><img decoding=\"async\" class=\"emoji\" role=\"img\" draggable=\"false\" src=\"https:\/\/s.w.org\/images\/core\/emoji\/15.0.3\/svg\/2714.svg\" alt=\"\u2714\" \/>\u00a0<strong data-start=\"800\" data-end=\"820\">Premium finish<\/strong>\u00a0: each edge is carefully\u00a0<strong data-start=\"853\" data-end=\"885\">hand-torch sealed<\/strong> to prevent fraying and ensure optimal durability.<\/p>\n<h3 data-start=\"1081\" data-end=\"1130\"><strong data-start=\"1085\" data-end=\"1128\"><img decoding=\"async\" class=\"emoji\" role=\"img\" draggable=\"false\" src=\"https:\/\/s.w.org\/images\/core\/emoji\/15.0.3\/svg\/1f9f5.svg\" alt=\"\ud83e\uddf5\" \/>\u00a0Easy to apply &amp; ultra resistant<\/strong><\/h3>\n<p data-start=\"1131\" data-end=\"1351\">Ce patch thermocollant s\u2019applique en quelques secondes avec un simple fer \u00e0 repasser. Il assure une adh\u00e9rence durable sur une large gamme de textiles.<\/p>\n<p data-start=\"1353\" data-end=\"1528\"><img decoding=\"async\" class=\"emoji\" role=\"img\" draggable=\"false\" src=\"https:\/\/s.w.org\/images\/core\/emoji\/15.0.3\/svg\/1f538.svg\" alt=\"\ud83d\udd38\" \/>\u00a0<strong data-start=\"1356\" data-end=\"1370\">Dimensions<\/strong>\u00a0: from 5 to 10cm<br data-start=\"1392\" data-end=\"1395\" \/><img decoding=\"async\" class=\"emoji\" role=\"img\" draggable=\"false\" src=\"https:\/\/s.w.org\/images\/core\/emoji\/15.0.3\/svg\/1f538.svg\" alt=\"\ud83d\udd38\" \/>\u00a0<strong data-start=\"1398\" data-end=\"1410\">Fixing<\/strong> : permanent iron-on\u00a0<br data-start=\"1481\" data-end=\"1484\" \/><img decoding=\"async\" class=\"emoji\" role=\"img\" draggable=\"false\" src=\"https:\/\/s.w.org\/images\/core\/emoji\/15.0.3\/svg\/1f538.svg\" alt=\"\ud83d\udd38\" \/>\u00a0<strong data-start=\"1487\" data-end=\"1500\">Interview<\/strong>\u00a0: washing at 30\u00b0C recommended<\/p>\n<p data-start=\"1530\" data-end=\"1683\">\ud83d\udc96 En ajoutant ce patch \u00e0 votre commande, <strong data-start=\"1910\" data-end=\"1973\">vous contribuez directement \u00e0 la recherche contre le cancer<\/strong>. Chaque commande, aussi petite soit-elle, a un impact r\u00e9el. <strong data-start=\"2038\" data-end=\"2093\">Ensemble, soyons solidaires tout le mois d\u2019octobre.<\/strong><\/p>","protected":false},"excerpt":{"rendered":"<p class=\"\" data-start=\"317\" data-end=\"463\">\ud83d\udc96 En ajoutant ce patch \u00e0 votre commande, <strong data-start=\"1910\" data-end=\"1973\">vous contribuez directement \u00e0 la recherche contre le cancer<\/strong>. Chaque commande, aussi petite soit-elle, a un impact r\u00e9el. <strong data-start=\"2038\" data-end=\"2093\">Ensemble, soyons solidaires tout le mois d\u2019octobre.<\/strong><\/p>","protected":false},"featured_media":2962,"comment_status":"open","ping_status":"closed","template":"","meta":[],"product_brand":[],"product_cat":[58,21],"product_tag":[],"class_list":{"0":"post-2955","1":"product","2":"type-product","3":"status-publish","4":"has-post-thumbnail","6":"product_cat-autres","7":"product_cat-patch-thermocollant","8":"product_shipping_class-envoi-patch","10":"first","11":"instock","12":"shipping-taxable","13":"purchasable","14":"product-type-variable"},"yoast_head":"<!-- This site is optimized with the Yoast SEO plugin v26.5 - https:\/\/yoast.com\/wordpress\/plugins\/seo\/ -->\n<title>Patch thermocollant Octobre Rose \u2013 Soutenez la recherche \ud83d\udc97 - DIPATCH<\/title>\n<meta name=\"description\" content=\"Soutenez la recherche contre le cancer du sein \ud83d\udc97 En ajoutant ce patch thermocollant Octobre Rose \u00e0 votre panier, 20% revers\u00e9s \u00e0 la fondation ARC.\" \/>\n<meta name=\"robots\" content=\"index, follow, max-snippet:-1, max-image-preview:large, max-video-preview:-1\" \/>\n<link rel=\"canonical\" href=\"https:\/\/dipatch.fr\/en\/product\/patch-thermocollant-octobre-rose\/\" \/>\n<meta property=\"og:locale\" content=\"en_US\" \/>\n<meta property=\"og:type\" content=\"article\" \/>\n<meta property=\"og:title\" content=\"Patch thermocollant Octobre Rose \u2013 Soutenez la recherche \ud83d\udc97 - DIPATCH\" \/>\n<meta property=\"og:description\" content=\"Soutenez la recherche contre le cancer du sein \ud83d\udc97 En ajoutant ce patch thermocollant Octobre Rose \u00e0 votre panier, 20% revers\u00e9s \u00e0 la fondation ARC.\" \/>\n<meta property=\"og:url\" content=\"https:\/\/dipatch.fr\/en\/product\/patch-thermocollant-octobre-rose\/\" \/>\n<meta property=\"og:site_name\" content=\"DIPATCH\" \/>\n<meta property=\"article:modified_time\" content=\"2025-10-10T07:47:42+00:00\" \/>\n<meta property=\"og:image\" content=\"https:\/\/dipatch.fr\/wp-content\/uploads\/2025\/10\/unnamed.jpg\" \/>\n\t<meta property=\"og:image:width\" content=\"2048\" \/>\n\t<meta property=\"og:image:height\" content=\"2048\" \/>\n\t<meta property=\"og:image:type\" content=\"image\/jpeg\" \/>\n<meta name=\"twitter:card\" content=\"summary_large_image\" \/>\n<meta name=\"twitter:label1\" content=\"Est. reading time\" \/>\n\t<meta name=\"twitter:data1\" content=\"4 minutes\" \/>\n<script type=\"application\/ld+json\" class=\"yoast-schema-graph\">{\"@context\":\"https:\/\/schema.org\",\"@graph\":[{\"@type\":\"WebPage\",\"@id\":\"https:\/\/dipatch.fr\/produit\/patch-thermocollant-octobre-rose\/\",\"url\":\"https:\/\/dipatch.fr\/produit\/patch-thermocollant-octobre-rose\/\",\"name\":\"Patch thermocollant Octobre Rose \u2013 Soutenez la recherche \ud83d\udc97 - DIPATCH\",\"isPartOf\":{\"@id\":\"https:\/\/dipatch.fr\/#website\"},\"primaryImageOfPage\":{\"@id\":\"https:\/\/dipatch.fr\/produit\/patch-thermocollant-octobre-rose\/#primaryimage\"},\"image\":{\"@id\":\"https:\/\/dipatch.fr\/produit\/patch-thermocollant-octobre-rose\/#primaryimage\"},\"thumbnailUrl\":\"https:\/\/i0.wp.com\/dipatch.fr\/wp-content\/uploads\/2025\/10\/unnamed.jpg?fit=2048%2C2048&ssl=1\",\"datePublished\":\"2025-10-06T22:40:26+00:00\",\"dateModified\":\"2025-10-10T07:47:42+00:00\",\"description\":\"Soutenez la recherche contre le cancer du sein \ud83d\udc97 En ajoutant ce patch thermocollant Octobre Rose \u00e0 votre panier, 20% revers\u00e9s \u00e0 la fondation ARC.\",\"breadcrumb\":{\"@id\":\"https:\/\/dipatch.fr\/produit\/patch-thermocollant-octobre-rose\/#breadcrumb\"},\"inLanguage\":\"en-US\",\"potentialAction\":[{\"@type\":\"ReadAction\",\"target\":[\"https:\/\/dipatch.fr\/produit\/patch-thermocollant-octobre-rose\/\"]}]},{\"@type\":\"ImageObject\",\"inLanguage\":\"en-US\",\"@id\":\"https:\/\/dipatch.fr\/produit\/patch-thermocollant-octobre-rose\/#primaryimage\",\"url\":\"https:\/\/i0.wp.com\/dipatch.fr\/wp-content\/uploads\/2025\/10\/unnamed.jpg?fit=2048%2C2048&ssl=1\",\"contentUrl\":\"https:\/\/i0.wp.com\/dipatch.fr\/wp-content\/uploads\/2025\/10\/unnamed.jpg?fit=2048%2C2048&ssl=1\",\"width\":2048,\"height\":2048,\"caption\":\"Patch thermocollant octobre rose\"},{\"@type\":\"BreadcrumbList\",\"@id\":\"https:\/\/dipatch.fr\/produit\/patch-thermocollant-octobre-rose\/#breadcrumb\",\"itemListElement\":[{\"@type\":\"ListItem\",\"position\":1,\"name\":\"Accueil\",\"item\":\"https:\/\/dipatch.fr\/\"},{\"@type\":\"ListItem\",\"position\":2,\"name\":\"boutique\",\"item\":\"https:\/\/dipatch.fr\/boutique\/\"},{\"@type\":\"ListItem\",\"position\":3,\"name\":\"Patch thermocollant Octobre Rose \u2013 Soutenez la recherche \ud83d\udc97\"}]},{\"@type\":\"WebSite\",\"@id\":\"https:\/\/dipatch.fr\/#website\",\"url\":\"https:\/\/dipatch.fr\/\",\"name\":\"DIPATCH\",\"description\":\"Personnalisation textile DIY\",\"publisher\":{\"@id\":\"https:\/\/dipatch.fr\/#organization\"},\"potentialAction\":[{\"@type\":\"SearchAction\",\"target\":{\"@type\":\"EntryPoint\",\"urlTemplate\":\"https:\/\/dipatch.fr\/?s={search_term_string}\"},\"query-input\":{\"@type\":\"PropertyValueSpecification\",\"valueRequired\":true,\"valueName\":\"search_term_string\"}}],\"inLanguage\":\"en-US\"},{\"@type\":\"Organization\",\"@id\":\"https:\/\/dipatch.fr\/#organization\",\"name\":\"DIPATCH\",\"url\":\"https:\/\/dipatch.fr\/\",\"logo\":{\"@type\":\"ImageObject\",\"inLanguage\":\"en-US\",\"@id\":\"https:\/\/dipatch.fr\/#\/schema\/logo\/image\/\",\"url\":\"https:\/\/dipatch.fr\/wp-content\/uploads\/2024\/12\/IMG_0349.jpeg\",\"contentUrl\":\"https:\/\/dipatch.fr\/wp-content\/uploads\/2024\/12\/IMG_0349.jpeg\",\"width\":1520,\"height\":907,\"caption\":\"DIPATCH\"},\"image\":{\"@id\":\"https:\/\/dipatch.fr\/#\/schema\/logo\/image\/\"}}]}<\/script>\n<!-- \/ Yoast SEO plugin. -->","yoast_head_json":{"title":"Patch thermocollant Octobre Rose \u2013 Soutenez la recherche \ud83d\udc97 - DIPATCH","description":"Soutenez la recherche contre le cancer du sein \ud83d\udc97 En ajoutant ce patch thermocollant Octobre Rose \u00e0 votre panier, 20% revers\u00e9s \u00e0 la fondation ARC.","robots":{"index":"index","follow":"follow","max-snippet":"max-snippet:-1","max-image-preview":"max-image-preview:large","max-video-preview":"max-video-preview:-1"},"canonical":"https:\/\/dipatch.fr\/en\/product\/patch-thermocollant-octobre-rose\/","og_locale":"en_US","og_type":"article","og_title":"Patch thermocollant Octobre Rose \u2013 Soutenez la recherche \ud83d\udc97 - DIPATCH","og_description":"Soutenez la recherche contre le cancer du sein \ud83d\udc97 En ajoutant ce patch thermocollant Octobre Rose \u00e0 votre panier, 20% revers\u00e9s \u00e0 la fondation ARC.","og_url":"https:\/\/dipatch.fr\/en\/product\/patch-thermocollant-octobre-rose\/","og_site_name":"DIPATCH","article_modified_time":"2025-10-10T07:47:42+00:00","og_image":[{"width":2048,"height":2048,"url":"https:\/\/dipatch.fr\/wp-content\/uploads\/2025\/10\/unnamed.jpg","type":"image\/jpeg"}],"twitter_card":"summary_large_image","twitter_misc":{"Est. reading time":"4 minutes"},"schema":{"@context":"https:\/\/schema.org","@graph":[{"@type":"WebPage","@id":"https:\/\/dipatch.fr\/produit\/patch-thermocollant-octobre-rose\/","url":"https:\/\/dipatch.fr\/produit\/patch-thermocollant-octobre-rose\/","name":"Patch thermocollant Octobre Rose \u2013 Soutenez la recherche \ud83d\udc97 - DIPATCH","isPartOf":{"@id":"https:\/\/dipatch.fr\/#website"},"primaryImageOfPage":{"@id":"https:\/\/dipatch.fr\/produit\/patch-thermocollant-octobre-rose\/#primaryimage"},"image":{"@id":"https:\/\/dipatch.fr\/produit\/patch-thermocollant-octobre-rose\/#primaryimage"},"thumbnailUrl":"https:\/\/i0.wp.com\/dipatch.fr\/wp-content\/uploads\/2025\/10\/unnamed.jpg?fit=2048%2C2048&ssl=1","datePublished":"2025-10-06T22:40:26+00:00","dateModified":"2025-10-10T07:47:42+00:00","description":"Soutenez la recherche contre le cancer du sein \ud83d\udc97 En ajoutant ce patch thermocollant Octobre Rose \u00e0 votre panier, 20% revers\u00e9s \u00e0 la fondation ARC.","breadcrumb":{"@id":"https:\/\/dipatch.fr\/produit\/patch-thermocollant-octobre-rose\/#breadcrumb"},"inLanguage":"en-US","potentialAction":[{"@type":"ReadAction","target":["https:\/\/dipatch.fr\/produit\/patch-thermocollant-octobre-rose\/"]}]},{"@type":"ImageObject","inLanguage":"en-US","@id":"https:\/\/dipatch.fr\/produit\/patch-thermocollant-octobre-rose\/#primaryimage","url":"https:\/\/i0.wp.com\/dipatch.fr\/wp-content\/uploads\/2025\/10\/unnamed.jpg?fit=2048%2C2048&ssl=1","contentUrl":"https:\/\/i0.wp.com\/dipatch.fr\/wp-content\/uploads\/2025\/10\/unnamed.jpg?fit=2048%2C2048&ssl=1","width":2048,"height":2048,"caption":"Patch thermocollant octobre rose"},{"@type":"BreadcrumbList","@id":"https:\/\/dipatch.fr\/produit\/patch-thermocollant-octobre-rose\/#breadcrumb","itemListElement":[{"@type":"ListItem","position":1,"name":"Accueil","item":"https:\/\/dipatch.fr\/"},{"@type":"ListItem","position":2,"name":"boutique","item":"https:\/\/dipatch.fr\/boutique\/"},{"@type":"ListItem","position":3,"name":"Patch thermocollant Octobre Rose \u2013 Soutenez la recherche \ud83d\udc97"}]},{"@type":"WebSite","@id":"https:\/\/dipatch.fr\/#website","url":"https:\/\/dipatch.fr\/","name":"DIPATCH","description":"DIY textile customization","publisher":{"@id":"https:\/\/dipatch.fr\/#organization"},"potentialAction":[{"@type":"SearchAction","target":{"@type":"EntryPoint","urlTemplate":"https:\/\/dipatch.fr\/?s={search_term_string}"},"query-input":{"@type":"PropertyValueSpecification","valueRequired":true,"valueName":"search_term_string"}}],"inLanguage":"en-US"},{"@type":"Organization","@id":"https:\/\/dipatch.fr\/#organization","name":"DIPATCH","url":"https:\/\/dipatch.fr\/","logo":{"@type":"ImageObject","inLanguage":"en-US","@id":"https:\/\/dipatch.fr\/#\/schema\/logo\/image\/","url":"https:\/\/dipatch.fr\/wp-content\/uploads\/2024\/12\/IMG_0349.jpeg","contentUrl":"https:\/\/dipatch.fr\/wp-content\/uploads\/2024\/12\/IMG_0349.jpeg","width":1520,"height":907,"caption":"DIPATCH"},"image":{"@id":"https:\/\/dipatch.fr\/#\/schema\/logo\/image\/"}}]}},"jetpack_sharing_enabled":true,"_links":{"self":[{"href":"https:\/\/dipatch.fr\/en\/wp-json\/wp\/v2\/product\/2955","targetHints":{"allow":["GET"]}}],"collection":[{"href":"https:\/\/dipatch.fr\/en\/wp-json\/wp\/v2\/product"}],"about":[{"href":"https:\/\/dipatch.fr\/en\/wp-json\/wp\/v2\/types\/product"}],"replies":[{"embeddable":true,"href":"https:\/\/dipatch.fr\/en\/wp-json\/wp\/v2\/comments?post=2955"}],"wp:featuredmedia":[{"embeddable":true,"href":"https:\/\/dipatch.fr\/en\/wp-json\/wp\/v2\/media\/2962"}],"wp:attachment":[{"href":"https:\/\/dipatch.fr\/en\/wp-json\/wp\/v2\/media?parent=2955"}],"wp:term":[{"taxonomy":"product_brand","embeddable":true,"href":"https:\/\/dipatch.fr\/en\/wp-json\/wp\/v2\/product_brand?post=2955"},{"taxonomy":"product_cat","embeddable":true,"href":"https:\/\/dipatch.fr\/en\/wp-json\/wp\/v2\/product_cat?post=2955"},{"taxonomy":"product_tag","embeddable":true,"href":"https:\/\/dipatch.fr\/en\/wp-json\/wp\/v2\/product_tag?post=2955"}],"curies":[{"name":"wp","href":"https:\/\/api.w.org\/{rel}","templated":true}]}}