{"id":3025,"date":"2025-10-27T03:55:17","date_gmt":"2025-10-27T01:55:17","guid":{"rendered":"https:\/\/dipatch.fr\/?post_type=product&#038;p=3025"},"modified":"2025-10-27T04:16:14","modified_gmt":"2025-10-27T02:16:14","slug":"patch-thermocollant-citrouille-halloween","status":"publish","type":"product","link":"https:\/\/dipatch.fr\/en\/product\/patch-thermocollant-citrouille-halloween\/","title":{"rendered":"Patch brod\u00e9 Halloween phosphorescent \u2013 Citrouille effrayante \ud83c\udf19"},"content":{"rendered":"<p data-start=\"257\" data-end=\"294\">\ud83d\udcac <strong data-start=\"260\" data-end=\"292\">Un symbole iconique revisit\u00e9<\/strong><\/p>\n<p data-start=\"296\" data-end=\"629\">Une citrouille qui ne dort jamais \ud83d\udc41\ufe0f\u200d\ud83d\udde8\ufe0f \u2014 notre patch brod\u00e9 <strong data-start=\"358\" data-end=\"386\">Halloween phosphorescent<\/strong> incarne l\u2019esprit d\u2019Halloween dans sa forme la plus pure : malicieuse, myst\u00e9rieuse et lumineuse.<br data-start=\"482\" data-end=\"485\" \/>De jour, son orange vif attire le regard. De nuit, sa <strong data-start=\"539\" data-end=\"570\">lueur verte phosphorescente<\/strong> prend vie et illumine vos tenues pour un effet garanti \u2728<\/p>\n<p data-start=\"631\" data-end=\"788\">Id\u00e9al pour <strong data-start=\"642\" data-end=\"688\">customiser une veste, un sac ou un t-shirt<\/strong> \u00e0 l\u2019approche d\u2019Halloween, ou simplement pour afficher un style audacieux et unique toute l\u2019ann\u00e9e.<\/p>\n<hr data-start=\"790\" data-end=\"793\" \/>\n<p data-start=\"795\" data-end=\"840\">\ud83c\udf83 <strong data-start=\"798\" data-end=\"838\">Un patch \u00e9coresponsable et artisanal<\/strong><\/p>\n<ul data-start=\"842\" data-end=\"1487\">\n<li data-start=\"842\" data-end=\"969\">\n<p data-start=\"844\" data-end=\"969\">\ud83e\uddf5 <strong data-start=\"847\" data-end=\"884\">Recycled polyester embroidery thread<\/strong> : pour un rendu lumineux et durable, avec un minimum d\u2019impact sur l\u2019environnement.<\/p>\n<\/li>\n<li data-start=\"970\" data-end=\"1078\">\n<p data-start=\"972\" data-end=\"1078\">\ud83c\udf3f <strong data-start=\"975\" data-end=\"1001\">Tissu twill 97 % coton<\/strong> : base solide, textur\u00e9e et premium, parfaite pour une broderie de qualit\u00e9.<\/p>\n<\/li>\n<li data-start=\"1079\" data-end=\"1213\">\n<p data-start=\"1081\" data-end=\"1213\">\ud83d\udd25 <strong data-start=\"1084\" data-end=\"1121\">Thermocollant fait main en France<\/strong> : formulation artisanale \u00e0 faible impact \u00e9cologique, pour une adh\u00e9rence forte et durable.<\/p>\n<\/li>\n<li data-start=\"1214\" data-end=\"1356\">\n<p data-start=\"1216\" data-end=\"1356\">\u270b <strong data-start=\"1218\" data-end=\"1238\">Premium finish<\/strong> : each edge is <strong data-start=\"1257\" data-end=\"1293\">scell\u00e9 manuellement au chalumeau<\/strong> afin d\u2019\u00e9viter tout effilochage et garantir une longue tenue.<\/p>\n<\/li>\n<li data-start=\"1357\" data-end=\"1487\">\n<p data-start=\"1359\" data-end=\"1487\">\ud83c\udf33 <strong data-start=\"1362\" data-end=\"1392\">Engagement pour la plan\u00e8te<\/strong> : for each order, <strong data-start=\"1417\" data-end=\"1439\">1 tree is planted<\/strong> gr\u00e2ce \u00e0 notre partenariat avec <em data-start=\"1471\" data-end=\"1484\">Tree-Nation<\/em>.<\/p>\n<\/li>\n<\/ul>\n<hr data-start=\"1489\" data-end=\"1492\" \/>\n<p data-start=\"1494\" data-end=\"1535\">\ud83d\udca1 <strong data-start=\"1497\" data-end=\"1533\">Facile \u00e0 poser &amp; ultra r\u00e9sistant<\/strong><\/p>\n<p data-start=\"1537\" data-end=\"1746\">Ce patch thermocollant se fixe <strong data-start=\"1568\" data-end=\"1592\">en quelques secondes<\/strong> avec un fer \u00e0 repasser.<br data-start=\"1616\" data-end=\"1619\" \/>Sa colle premium assure une <strong data-start=\"1647\" data-end=\"1668\">adh\u00e9rence durable<\/strong> sur tous types de textiles : vestes, jeans, totebags, sweats ou casquettes.<\/p>\n<p data-start=\"1748\" data-end=\"1778\"><strong data-start=\"1748\" data-end=\"1774\">Conseils d\u2019application<\/strong> :<\/p>\n<ol data-start=\"1779\" data-end=\"1959\">\n<li data-start=\"1779\" data-end=\"1827\">\n<p data-start=\"1782\" data-end=\"1827\">Placez le patch sur le tissu sec et propre.<\/p>\n<\/li>\n<li data-start=\"1828\" data-end=\"1862\">\n<p data-start=\"1831\" data-end=\"1862\">Couvrez-le avec un tissu fin.<\/p>\n<\/li>\n<li data-start=\"1863\" data-end=\"1916\">\n<p data-start=\"1866\" data-end=\"1916\">Pressez au fer \u00e0 <strong data-start=\"1883\" data-end=\"1913\">160 \u00b0C pendant 25 secondes<\/strong>.<\/p>\n<\/li>\n<li data-start=\"1917\" data-end=\"1959\">\n<p data-start=\"1920\" data-end=\"1959\">Laissez refroidir avant de manipuler.<\/p>\n<\/li>\n<\/ol>","protected":false},"excerpt":{"rendered":"<p class=\"\" data-start=\"317\" data-end=\"463\">Express resilience and acceptance with this \u201cIt&#039;s OK\u201d patch. A powerful message, hand-embroidered in France on eco-friendly textiles. \u2714\ufe0f<\/p>","protected":false},"featured_media":3032,"comment_status":"open","ping_status":"closed","template":"","meta":[],"product_brand":[],"product_cat":[61,21],"product_tag":[],"class_list":{"0":"post-3025","1":"product","2":"type-product","3":"status-publish","4":"has-post-thumbnail","6":"product_cat-patch-halloween","7":"product_cat-patch-thermocollant","8":"product_shipping_class-envoi-patch","10":"first","11":"instock","12":"shipping-taxable","13":"purchasable","14":"product-type-variable"},"yoast_head":"<!-- This site is optimized with the Yoast SEO plugin v26.5 - https:\/\/yoast.com\/wordpress\/plugins\/seo\/ -->\n<title>Patch brod\u00e9 Halloween phosphorescent \u2013 Citrouille effrayante \ud83c\udf19<\/title>\n<meta name=\"description\" content=\"\ud83c\udf83 Patch brod\u00e9 Halloween phosphorescent : une citrouille \u00e9coresponsable qui brille dans le noir. Fabriqu\u00e9 artisanalement en France par DIPatch \ud83c\udf3f\" \/>\n<meta name=\"robots\" content=\"index, follow, max-snippet:-1, max-image-preview:large, max-video-preview:-1\" \/>\n<link rel=\"canonical\" href=\"https:\/\/dipatch.fr\/en\/product\/patch-thermocollant-citrouille-halloween\/\" \/>\n<meta property=\"og:locale\" content=\"en_US\" \/>\n<meta property=\"og:type\" content=\"article\" \/>\n<meta property=\"og:title\" content=\"Patch brod\u00e9 Halloween phosphorescent \u2013 Citrouille effrayante \ud83c\udf19\" \/>\n<meta property=\"og:description\" content=\"\ud83c\udf83 Patch brod\u00e9 Halloween phosphorescent : une citrouille \u00e9coresponsable qui brille dans le noir. Fabriqu\u00e9 artisanalement en France par DIPatch \ud83c\udf3f\" \/>\n<meta property=\"og:url\" content=\"https:\/\/dipatch.fr\/en\/product\/patch-thermocollant-citrouille-halloween\/\" \/>\n<meta property=\"og:site_name\" content=\"DIPATCH\" \/>\n<meta property=\"article:modified_time\" content=\"2025-10-27T02:16:14+00:00\" \/>\n<meta property=\"og:image\" content=\"https:\/\/dipatch.fr\/wp-content\/uploads\/2025\/10\/6.jpg\" \/>\n\t<meta property=\"og:image:width\" content=\"1070\" \/>\n\t<meta property=\"og:image:height\" content=\"1009\" \/>\n\t<meta property=\"og:image:type\" content=\"image\/jpeg\" \/>\n<meta name=\"twitter:card\" content=\"summary_large_image\" \/>\n<meta name=\"twitter:label1\" content=\"Est. reading time\" \/>\n\t<meta name=\"twitter:data1\" content=\"2 minutes\" \/>\n<script type=\"application\/ld+json\" class=\"yoast-schema-graph\">{\"@context\":\"https:\/\/schema.org\",\"@graph\":[{\"@type\":\"WebPage\",\"@id\":\"https:\/\/dipatch.fr\/produit\/patch-thermocollant-citrouille-halloween\/\",\"url\":\"https:\/\/dipatch.fr\/produit\/patch-thermocollant-citrouille-halloween\/\",\"name\":\"Patch brod\u00e9 Halloween phosphorescent \u2013 Citrouille effrayante \ud83c\udf19\",\"isPartOf\":{\"@id\":\"https:\/\/dipatch.fr\/#website\"},\"primaryImageOfPage\":{\"@id\":\"https:\/\/dipatch.fr\/produit\/patch-thermocollant-citrouille-halloween\/#primaryimage\"},\"image\":{\"@id\":\"https:\/\/dipatch.fr\/produit\/patch-thermocollant-citrouille-halloween\/#primaryimage\"},\"thumbnailUrl\":\"https:\/\/i0.wp.com\/dipatch.fr\/wp-content\/uploads\/2025\/10\/6.jpg?fit=1070%2C1009&ssl=1\",\"datePublished\":\"2025-10-27T01:55:17+00:00\",\"dateModified\":\"2025-10-27T02:16:14+00:00\",\"description\":\"\ud83c\udf83 Patch brod\u00e9 Halloween phosphorescent : une citrouille \u00e9coresponsable qui brille dans le noir. Fabriqu\u00e9 artisanalement en France par DIPatch \ud83c\udf3f\",\"breadcrumb\":{\"@id\":\"https:\/\/dipatch.fr\/produit\/patch-thermocollant-citrouille-halloween\/#breadcrumb\"},\"inLanguage\":\"en-US\",\"potentialAction\":[{\"@type\":\"ReadAction\",\"target\":[\"https:\/\/dipatch.fr\/produit\/patch-thermocollant-citrouille-halloween\/\"]}]},{\"@type\":\"ImageObject\",\"inLanguage\":\"en-US\",\"@id\":\"https:\/\/dipatch.fr\/produit\/patch-thermocollant-citrouille-halloween\/#primaryimage\",\"url\":\"https:\/\/i0.wp.com\/dipatch.fr\/wp-content\/uploads\/2025\/10\/6.jpg?fit=1070%2C1009&ssl=1\",\"contentUrl\":\"https:\/\/i0.wp.com\/dipatch.fr\/wp-content\/uploads\/2025\/10\/6.jpg?fit=1070%2C1009&ssl=1\",\"width\":1070,\"height\":1009,\"caption\":\"Citrouille halloween\"},{\"@type\":\"BreadcrumbList\",\"@id\":\"https:\/\/dipatch.fr\/produit\/patch-thermocollant-citrouille-halloween\/#breadcrumb\",\"itemListElement\":[{\"@type\":\"ListItem\",\"position\":1,\"name\":\"Accueil\",\"item\":\"https:\/\/dipatch.fr\/\"},{\"@type\":\"ListItem\",\"position\":2,\"name\":\"boutique\",\"item\":\"https:\/\/dipatch.fr\/boutique\/\"},{\"@type\":\"ListItem\",\"position\":3,\"name\":\"Patch brod\u00e9 Halloween phosphorescent \u2013 Citrouille effrayante \ud83c\udf19\"}]},{\"@type\":\"WebSite\",\"@id\":\"https:\/\/dipatch.fr\/#website\",\"url\":\"https:\/\/dipatch.fr\/\",\"name\":\"DIPATCH\",\"description\":\"Personnalisation textile DIY\",\"publisher\":{\"@id\":\"https:\/\/dipatch.fr\/#organization\"},\"potentialAction\":[{\"@type\":\"SearchAction\",\"target\":{\"@type\":\"EntryPoint\",\"urlTemplate\":\"https:\/\/dipatch.fr\/?s={search_term_string}\"},\"query-input\":{\"@type\":\"PropertyValueSpecification\",\"valueRequired\":true,\"valueName\":\"search_term_string\"}}],\"inLanguage\":\"en-US\"},{\"@type\":\"Organization\",\"@id\":\"https:\/\/dipatch.fr\/#organization\",\"name\":\"DIPATCH\",\"url\":\"https:\/\/dipatch.fr\/\",\"logo\":{\"@type\":\"ImageObject\",\"inLanguage\":\"en-US\",\"@id\":\"https:\/\/dipatch.fr\/#\/schema\/logo\/image\/\",\"url\":\"https:\/\/dipatch.fr\/wp-content\/uploads\/2024\/12\/IMG_0349.jpeg\",\"contentUrl\":\"https:\/\/dipatch.fr\/wp-content\/uploads\/2024\/12\/IMG_0349.jpeg\",\"width\":1520,\"height\":907,\"caption\":\"DIPATCH\"},\"image\":{\"@id\":\"https:\/\/dipatch.fr\/#\/schema\/logo\/image\/\"}}]}<\/script>\n<!-- \/ Yoast SEO plugin. -->","yoast_head_json":{"title":"Patch brod\u00e9 Halloween phosphorescent \u2013 Citrouille effrayante \ud83c\udf19","description":"\ud83c\udf83 Patch brod\u00e9 Halloween phosphorescent : une citrouille \u00e9coresponsable qui brille dans le noir. Fabriqu\u00e9 artisanalement en France par DIPatch \ud83c\udf3f","robots":{"index":"index","follow":"follow","max-snippet":"max-snippet:-1","max-image-preview":"max-image-preview:large","max-video-preview":"max-video-preview:-1"},"canonical":"https:\/\/dipatch.fr\/en\/product\/patch-thermocollant-citrouille-halloween\/","og_locale":"en_US","og_type":"article","og_title":"Patch brod\u00e9 Halloween phosphorescent \u2013 Citrouille effrayante \ud83c\udf19","og_description":"\ud83c\udf83 Patch brod\u00e9 Halloween phosphorescent : une citrouille \u00e9coresponsable qui brille dans le noir. Fabriqu\u00e9 artisanalement en France par DIPatch \ud83c\udf3f","og_url":"https:\/\/dipatch.fr\/en\/product\/patch-thermocollant-citrouille-halloween\/","og_site_name":"DIPATCH","article_modified_time":"2025-10-27T02:16:14+00:00","og_image":[{"width":1070,"height":1009,"url":"https:\/\/dipatch.fr\/wp-content\/uploads\/2025\/10\/6.jpg","type":"image\/jpeg"}],"twitter_card":"summary_large_image","twitter_misc":{"Est. reading time":"2 minutes"},"schema":{"@context":"https:\/\/schema.org","@graph":[{"@type":"WebPage","@id":"https:\/\/dipatch.fr\/produit\/patch-thermocollant-citrouille-halloween\/","url":"https:\/\/dipatch.fr\/produit\/patch-thermocollant-citrouille-halloween\/","name":"Patch brod\u00e9 Halloween phosphorescent \u2013 Citrouille effrayante \ud83c\udf19","isPartOf":{"@id":"https:\/\/dipatch.fr\/#website"},"primaryImageOfPage":{"@id":"https:\/\/dipatch.fr\/produit\/patch-thermocollant-citrouille-halloween\/#primaryimage"},"image":{"@id":"https:\/\/dipatch.fr\/produit\/patch-thermocollant-citrouille-halloween\/#primaryimage"},"thumbnailUrl":"https:\/\/i0.wp.com\/dipatch.fr\/wp-content\/uploads\/2025\/10\/6.jpg?fit=1070%2C1009&ssl=1","datePublished":"2025-10-27T01:55:17+00:00","dateModified":"2025-10-27T02:16:14+00:00","description":"\ud83c\udf83 Patch brod\u00e9 Halloween phosphorescent : une citrouille \u00e9coresponsable qui brille dans le noir. Fabriqu\u00e9 artisanalement en France par DIPatch \ud83c\udf3f","breadcrumb":{"@id":"https:\/\/dipatch.fr\/produit\/patch-thermocollant-citrouille-halloween\/#breadcrumb"},"inLanguage":"en-US","potentialAction":[{"@type":"ReadAction","target":["https:\/\/dipatch.fr\/produit\/patch-thermocollant-citrouille-halloween\/"]}]},{"@type":"ImageObject","inLanguage":"en-US","@id":"https:\/\/dipatch.fr\/produit\/patch-thermocollant-citrouille-halloween\/#primaryimage","url":"https:\/\/i0.wp.com\/dipatch.fr\/wp-content\/uploads\/2025\/10\/6.jpg?fit=1070%2C1009&ssl=1","contentUrl":"https:\/\/i0.wp.com\/dipatch.fr\/wp-content\/uploads\/2025\/10\/6.jpg?fit=1070%2C1009&ssl=1","width":1070,"height":1009,"caption":"Citrouille halloween"},{"@type":"BreadcrumbList","@id":"https:\/\/dipatch.fr\/produit\/patch-thermocollant-citrouille-halloween\/#breadcrumb","itemListElement":[{"@type":"ListItem","position":1,"name":"Accueil","item":"https:\/\/dipatch.fr\/"},{"@type":"ListItem","position":2,"name":"boutique","item":"https:\/\/dipatch.fr\/boutique\/"},{"@type":"ListItem","position":3,"name":"Patch brod\u00e9 Halloween phosphorescent \u2013 Citrouille effrayante \ud83c\udf19"}]},{"@type":"WebSite","@id":"https:\/\/dipatch.fr\/#website","url":"https:\/\/dipatch.fr\/","name":"DIPATCH","description":"DIY textile customization","publisher":{"@id":"https:\/\/dipatch.fr\/#organization"},"potentialAction":[{"@type":"SearchAction","target":{"@type":"EntryPoint","urlTemplate":"https:\/\/dipatch.fr\/?s={search_term_string}"},"query-input":{"@type":"PropertyValueSpecification","valueRequired":true,"valueName":"search_term_string"}}],"inLanguage":"en-US"},{"@type":"Organization","@id":"https:\/\/dipatch.fr\/#organization","name":"DIPATCH","url":"https:\/\/dipatch.fr\/","logo":{"@type":"ImageObject","inLanguage":"en-US","@id":"https:\/\/dipatch.fr\/#\/schema\/logo\/image\/","url":"https:\/\/dipatch.fr\/wp-content\/uploads\/2024\/12\/IMG_0349.jpeg","contentUrl":"https:\/\/dipatch.fr\/wp-content\/uploads\/2024\/12\/IMG_0349.jpeg","width":1520,"height":907,"caption":"DIPATCH"},"image":{"@id":"https:\/\/dipatch.fr\/#\/schema\/logo\/image\/"}}]}},"jetpack_sharing_enabled":true,"_links":{"self":[{"href":"https:\/\/dipatch.fr\/en\/wp-json\/wp\/v2\/product\/3025","targetHints":{"allow":["GET"]}}],"collection":[{"href":"https:\/\/dipatch.fr\/en\/wp-json\/wp\/v2\/product"}],"about":[{"href":"https:\/\/dipatch.fr\/en\/wp-json\/wp\/v2\/types\/product"}],"replies":[{"embeddable":true,"href":"https:\/\/dipatch.fr\/en\/wp-json\/wp\/v2\/comments?post=3025"}],"wp:featuredmedia":[{"embeddable":true,"href":"https:\/\/dipatch.fr\/en\/wp-json\/wp\/v2\/media\/3032"}],"wp:attachment":[{"href":"https:\/\/dipatch.fr\/en\/wp-json\/wp\/v2\/media?parent=3025"}],"wp:term":[{"taxonomy":"product_brand","embeddable":true,"href":"https:\/\/dipatch.fr\/en\/wp-json\/wp\/v2\/product_brand?post=3025"},{"taxonomy":"product_cat","embeddable":true,"href":"https:\/\/dipatch.fr\/en\/wp-json\/wp\/v2\/product_cat?post=3025"},{"taxonomy":"product_tag","embeddable":true,"href":"https:\/\/dipatch.fr\/en\/wp-json\/wp\/v2\/product_tag?post=3025"}],"curies":[{"name":"wp","href":"https:\/\/api.w.org\/{rel}","templated":true}]}}