{"id":307,"date":"2024-12-02T15:53:24","date_gmt":"2024-12-02T15:53:24","guid":{"rendered":"https:\/\/dipatch.fr\/?post_type=product&#038;p=307"},"modified":"2026-04-29T05:06:25","modified_gmt":"2026-04-29T03:06:25","slug":"tote-bag-personnalisable-broderie","status":"publish","type":"product","link":"https:\/\/dipatch.fr\/en\/product\/tote-bag-personnalisable-broderie\/","title":{"rendered":"Customizable Embroidered Tote Bag \u2013 Eco-friendly &amp; Vegan"},"content":{"rendered":"<div class=\"row\"  id=\"row-312732240\">\n\n\t<div id=\"col-426416918\" class=\"col medium-3 small-4 large-3\"  >\n\t\t\t\t<div class=\"col-inner\"  >\n\t\t\t\n\t\t\t\n\t<div class=\"img has-hover x md-x lg-x y md-y lg-y\" id=\"image_1987800136\">\n\t\t\t\t\t\t\t\t<div class=\"img-inner dark\" >\n\t\t\t<img loading=\"lazy\" decoding=\"async\" width=\"390\" height=\"300\" src=\"https:\/\/i0.wp.com\/dipatch.fr\/wp-content\/uploads\/2025\/01\/GRS80Cttn20Poly.png?fit=390%2C300&amp;ssl=1\" class=\"attachment-large size-large\" alt=\"\" srcset=\"https:\/\/i0.wp.com\/dipatch.fr\/wp-content\/uploads\/2025\/01\/GRS80Cttn20Poly.png?w=390&amp;ssl=1 390w, https:\/\/i0.wp.com\/dipatch.fr\/wp-content\/uploads\/2025\/01\/GRS80Cttn20Poly.png?resize=300%2C231&amp;ssl=1 300w\" sizes=\"auto, (max-width: 390px) 100vw, 390px\" \/>\t\t\t\t\t\t\n\t\t\t\t\t<\/div>\n\t\t\t\t\t\t\t\t\n<style>\n#image_1987800136 {\n  width: 100%;\n}\n<\/style>\n\t<\/div>\n\t\n\t\t<\/div>\n\t\t\t\t\t<\/div>\n\n\t\n\n\t<div id=\"col-548988493\" class=\"col medium-4 small-6 large-4\"  >\n\t\t\t\t<div class=\"col-inner\"  >\n\t\t\t\n\t\t\t\n\t<div class=\"img has-hover x md-x lg-x y md-y lg-y\" id=\"image_444763415\">\n\t\t\t\t\t\t\t\t<div class=\"img-inner dark\" >\n\t\t\t<img loading=\"lazy\" decoding=\"async\" width=\"820\" height=\"300\" src=\"https:\/\/i0.wp.com\/dipatch.fr\/wp-content\/uploads\/2025\/01\/PETAVegan_1.png?fit=820%2C300&amp;ssl=1\" class=\"attachment-large size-large\" alt=\"\" srcset=\"https:\/\/i0.wp.com\/dipatch.fr\/wp-content\/uploads\/2025\/01\/PETAVegan_1.png?w=820&amp;ssl=1 820w, https:\/\/i0.wp.com\/dipatch.fr\/wp-content\/uploads\/2025\/01\/PETAVegan_1.png?resize=800%2C293&amp;ssl=1 800w, https:\/\/i0.wp.com\/dipatch.fr\/wp-content\/uploads\/2025\/01\/PETAVegan_1.png?resize=768%2C281&amp;ssl=1 768w, https:\/\/i0.wp.com\/dipatch.fr\/wp-content\/uploads\/2025\/01\/PETAVegan_1.png?resize=300%2C110&amp;ssl=1 300w, https:\/\/i0.wp.com\/dipatch.fr\/wp-content\/uploads\/2025\/01\/PETAVegan_1.png?resize=600%2C220&amp;ssl=1 600w\" sizes=\"auto, (max-width: 820px) 100vw, 820px\" \/>\t\t\t\t\t\t\n\t\t\t\t\t<\/div>\n\t\t\t\t\t\t\t\t\n<style>\n#image_444763415 {\n  width: 100%;\n}\n<\/style>\n\t<\/div>\n\t\n\t\t<\/div>\n\t\t\t\t\t<\/div>\n\n\t\n<\/div>\n<h3 class=\"\" data-start=\"659\" data-end=\"709\">A thick, durable and 100% ethical tote bag<\/h3>\n<p class=\"\" data-start=\"710\" data-end=\"946\">Designed from <strong data-start=\"728\" data-end=\"753\">premium 300 GSM canvas<\/strong>, this tote bag is both sturdy and stylish. Made with a blend of <strong data-start=\"827\" data-end=\"873\">80% recycled cotton and 20% recycled polyester<\/strong>, he benefits from a <strong data-start=\"893\" data-end=\"913\">pre-wash<\/strong> for a soft and natural finish.<\/p>\n<p class=\"\" data-start=\"948\" data-end=\"1089\">Its color <strong data-start=\"959\" data-end=\"970\">Natural<\/strong> (not chemically dyed) adapts to all styles, and perfectly highlights your <strong data-start=\"1062\" data-end=\"1088\">personalized embroidery<\/strong>.<\/p>\n<h3 class=\"\" data-start=\"1091\" data-end=\"1145\">Embroidery Personalization \u2013 Unique like you<\/h3>\n<p class=\"\" data-start=\"1146\" data-end=\"1442\">Thanks to the button <strong data-start=\"1162\" data-end=\"1183\">&quot;Customize&quot;<\/strong>, choose a word, a first name or a pattern to embroider. The <strong data-start=\"1239\" data-end=\"1276\">embroidery is done by hand<\/strong> in our workshop in France with <strong data-start=\"1314\" data-end=\"1329\">recycled yarn<\/strong>No printing, just real thread, for a high-end, durable finish, without compromising the environment.<\/p>\n<h3 class=\"\" data-start=\"1444\" data-end=\"1477\">Technical characteristics<\/h3>\n<ul data-start=\"1478\" data-end=\"1859\">\n<li class=\"\" data-start=\"1478\" data-end=\"1510\">\n<p class=\"\" data-start=\"1480\" data-end=\"1510\"><strong data-start=\"1480\" data-end=\"1497\">300 GSM canvas<\/strong> resistant<\/p>\n<\/li>\n<li class=\"\" data-start=\"1511\" data-end=\"1567\">\n<p class=\"\" data-start=\"1513\" data-end=\"1567\"><strong data-start=\"1513\" data-end=\"1522\">Shell<\/strong> : 80% recycled cotton, 20% recycled polyester<\/p>\n<\/li>\n<li class=\"\" data-start=\"1568\" data-end=\"1619\">\n<p class=\"\" data-start=\"1570\" data-end=\"1619\"><strong data-start=\"1570\" data-end=\"1581\">Color<\/strong> : Natural (undyed natural ecru)<\/p>\n<\/li>\n<li class=\"\" data-start=\"1620\" data-end=\"1679\">\n<p class=\"\" data-start=\"1622\" data-end=\"1679\"><strong data-start=\"1622\" data-end=\"1636\">Washed fabric<\/strong> for a soft touch and a natural effect<\/p>\n<\/li>\n<li class=\"\" data-start=\"1680\" data-end=\"1740\">\n<p class=\"\" data-start=\"1682\" data-end=\"1740\"><strong data-start=\"1682\" data-end=\"1696\">Dimensions<\/strong> <span style=\"font-family: Rubik, sans-serif; font-size: 14px; font-style: normal; font-weight: 400; letter-spacing: normal; text-align: start; text-indent: 0px; text-transform: none; text-decoration: none; display: inline !important; float: none;\">: H 39cm x W 37cm<\/span><\/p>\n<\/li>\n<li class=\"\" data-start=\"1741\" data-end=\"1812\">\n<p class=\"\" data-start=\"1743\" data-end=\"1812\"><strong data-start=\"1743\" data-end=\"1755\">Finishing<\/strong> : strong seam and flat bottom for better hold<\/p>\n<\/li>\n<li class=\"\" data-start=\"1813\" data-end=\"1859\">\n<p class=\"\" data-start=\"1815\" data-end=\"1859\"><strong data-start=\"1815\" data-end=\"1841\">Personalized embroidery<\/strong> made in France<\/p>\n<\/li>\n<\/ul>\n<h3 class=\"\" data-start=\"1861\" data-end=\"1892\">Product Certifications<\/h3>\n<p class=\"\" data-start=\"1893\" data-end=\"2004\">\u2705 <strong data-start=\"1895\" data-end=\"1918\">PETA-Approved Vegan<\/strong><br \/>\n\u2705 <strong data-start=\"1923\" data-end=\"1963\">FAIR WEAR Foundation \u2013 Leader Status<\/strong><br \/>\n\u2705 <strong data-start=\"1968\" data-end=\"2002\">Global Recycled Standard (GRS)<\/strong><\/p>\n<h3 class=\"\" data-start=\"2006\" data-end=\"2034\">Why we love it \u2764\ufe0f<\/h3>\n<p class=\"\" data-start=\"2035\" data-end=\"2237\">\u2714 Easily customizable with embroidery<br \/>\n\u2714 Made with recycled materials<br \/>\n\u2714 Certified ethical, vegan &amp; eco-responsible<br \/>\n\u2714 French artisanal embroidery<br \/>\n\u2714 Simple, natural and timeless design<\/p>","protected":false},"excerpt":{"rendered":"<p>Tote bag made from thick 300 GSM canvas, recycled cotton and recycled polyester. Personalize it with unique embroidery using the button. <strong data-start=\"524\" data-end=\"545\">&quot;Customize&quot;<\/strong>. Eco-responsible, VEGAN, FAIR WEAR and GRS certified.<\/p>","protected":false},"featured_media":210,"comment_status":"open","ping_status":"closed","template":"","meta":[],"product_brand":[],"product_cat":[27,20],"product_tag":[],"class_list":{"0":"post-307","1":"product","2":"type-product","3":"status-publish","4":"has-post-thumbnail","6":"product_cat-accessoires","7":"product_cat-tote-bag","8":"product_shipping_class-t-shirt-et-totebag","10":"first","11":"instock","12":"sale","13":"featured","14":"shipping-taxable","15":"purchasable","16":"product-type-simple"},"yoast_head":"<!-- This site is optimized with the Yoast SEO plugin v26.5 - https:\/\/yoast.com\/wordpress\/plugins\/seo\/ -->\n<title>Tote Bag Personnalisable en Broderie \u2013 \u00c9coresponsable &amp; Vegan - DIPATCH<\/title>\n<meta name=\"description\" content=\"Tote bag en toile recycl\u00e9e 300GSM, personnalisable en broderie. \u00c9thique, vegan et certifi\u00e9 GRS, FAIR WEAR. Fabriqu\u00e9 en France. Cr\u00e9ez le v\u00f4tre maintenant !\" \/>\n<meta name=\"robots\" content=\"index, follow, max-snippet:-1, max-image-preview:large, max-video-preview:-1\" \/>\n<link rel=\"canonical\" href=\"https:\/\/dipatch.fr\/en\/product\/tote-bag-personnalisable-broderie\/\" \/>\n<meta property=\"og:locale\" content=\"en_US\" \/>\n<meta property=\"og:type\" content=\"article\" \/>\n<meta property=\"og:title\" content=\"Tote Bag Personnalisable en Broderie \u2013 \u00c9coresponsable &amp; Vegan - DIPATCH\" \/>\n<meta property=\"og:description\" content=\"Tote bag en toile recycl\u00e9e 300GSM, personnalisable en broderie. \u00c9thique, vegan et certifi\u00e9 GRS, FAIR WEAR. Fabriqu\u00e9 en France. Cr\u00e9ez le v\u00f4tre maintenant !\" \/>\n<meta property=\"og:url\" content=\"https:\/\/dipatch.fr\/en\/product\/tote-bag-personnalisable-broderie\/\" \/>\n<meta property=\"og:site_name\" content=\"DIPATCH\" \/>\n<meta property=\"article:modified_time\" content=\"2026-04-29T03:06:25+00:00\" \/>\n<meta property=\"og:image\" content=\"https:\/\/dipatch.fr\/wp-content\/uploads\/2024\/12\/IMG_0346.jpeg\" \/>\n\t<meta property=\"og:image:width\" content=\"1200\" \/>\n\t<meta property=\"og:image:height\" content=\"1500\" \/>\n\t<meta property=\"og:image:type\" content=\"image\/jpeg\" \/>\n<meta name=\"twitter:card\" content=\"summary_large_image\" \/>\n<meta name=\"twitter:label1\" content=\"Est. reading time\" \/>\n\t<meta name=\"twitter:data1\" content=\"2 minutes\" \/>\n<script type=\"application\/ld+json\" class=\"yoast-schema-graph\">{\"@context\":\"https:\/\/schema.org\",\"@graph\":[{\"@type\":\"WebPage\",\"@id\":\"https:\/\/dipatch.fr\/produit\/tote-bag-personnalisable-broderie\/\",\"url\":\"https:\/\/dipatch.fr\/produit\/tote-bag-personnalisable-broderie\/\",\"name\":\"Tote Bag Personnalisable en Broderie \u2013 \u00c9coresponsable &amp; Vegan - DIPATCH\",\"isPartOf\":{\"@id\":\"https:\/\/dipatch.fr\/#website\"},\"primaryImageOfPage\":{\"@id\":\"https:\/\/dipatch.fr\/produit\/tote-bag-personnalisable-broderie\/#primaryimage\"},\"image\":{\"@id\":\"https:\/\/dipatch.fr\/produit\/tote-bag-personnalisable-broderie\/#primaryimage\"},\"thumbnailUrl\":\"https:\/\/i0.wp.com\/dipatch.fr\/wp-content\/uploads\/2024\/12\/IMG_0346.jpeg?fit=1200%2C1500&ssl=1\",\"datePublished\":\"2024-12-02T15:53:24+00:00\",\"dateModified\":\"2026-04-29T03:06:25+00:00\",\"description\":\"Tote bag en toile recycl\u00e9e 300GSM, personnalisable en broderie. \u00c9thique, vegan et certifi\u00e9 GRS, FAIR WEAR. Fabriqu\u00e9 en France. Cr\u00e9ez le v\u00f4tre maintenant !\",\"breadcrumb\":{\"@id\":\"https:\/\/dipatch.fr\/produit\/tote-bag-personnalisable-broderie\/#breadcrumb\"},\"inLanguage\":\"en-US\",\"potentialAction\":[{\"@type\":\"ReadAction\",\"target\":[\"https:\/\/dipatch.fr\/produit\/tote-bag-personnalisable-broderie\/\"]}]},{\"@type\":\"ImageObject\",\"inLanguage\":\"en-US\",\"@id\":\"https:\/\/dipatch.fr\/produit\/tote-bag-personnalisable-broderie\/#primaryimage\",\"url\":\"https:\/\/i0.wp.com\/dipatch.fr\/wp-content\/uploads\/2024\/12\/IMG_0346.jpeg?fit=1200%2C1500&ssl=1\",\"contentUrl\":\"https:\/\/i0.wp.com\/dipatch.fr\/wp-content\/uploads\/2024\/12\/IMG_0346.jpeg?fit=1200%2C1500&ssl=1\",\"width\":1200,\"height\":1500,\"caption\":\"Tote bag coton recycl\u00e9 broderie personnalis\u00e9e \u2013 couleur Natural \u2013 \u00e9coresponsable\"},{\"@type\":\"BreadcrumbList\",\"@id\":\"https:\/\/dipatch.fr\/produit\/tote-bag-personnalisable-broderie\/#breadcrumb\",\"itemListElement\":[{\"@type\":\"ListItem\",\"position\":1,\"name\":\"Accueil\",\"item\":\"https:\/\/dipatch.fr\/\"},{\"@type\":\"ListItem\",\"position\":2,\"name\":\"boutique\",\"item\":\"https:\/\/dipatch.fr\/boutique\/\"},{\"@type\":\"ListItem\",\"position\":3,\"name\":\"Tote Bag Personnalisable en Broderie \u2013 \u00c9coresponsable &amp; Vegan\"}]},{\"@type\":\"WebSite\",\"@id\":\"https:\/\/dipatch.fr\/#website\",\"url\":\"https:\/\/dipatch.fr\/\",\"name\":\"DIPATCH\",\"description\":\"Personnalisation textile DIY\",\"publisher\":{\"@id\":\"https:\/\/dipatch.fr\/#organization\"},\"potentialAction\":[{\"@type\":\"SearchAction\",\"target\":{\"@type\":\"EntryPoint\",\"urlTemplate\":\"https:\/\/dipatch.fr\/?s={search_term_string}\"},\"query-input\":{\"@type\":\"PropertyValueSpecification\",\"valueRequired\":true,\"valueName\":\"search_term_string\"}}],\"inLanguage\":\"en-US\"},{\"@type\":\"Organization\",\"@id\":\"https:\/\/dipatch.fr\/#organization\",\"name\":\"DIPATCH\",\"url\":\"https:\/\/dipatch.fr\/\",\"logo\":{\"@type\":\"ImageObject\",\"inLanguage\":\"en-US\",\"@id\":\"https:\/\/dipatch.fr\/#\/schema\/logo\/image\/\",\"url\":\"https:\/\/dipatch.fr\/wp-content\/uploads\/2024\/12\/IMG_0349.jpeg\",\"contentUrl\":\"https:\/\/dipatch.fr\/wp-content\/uploads\/2024\/12\/IMG_0349.jpeg\",\"width\":1520,\"height\":907,\"caption\":\"DIPATCH\"},\"image\":{\"@id\":\"https:\/\/dipatch.fr\/#\/schema\/logo\/image\/\"}}]}<\/script>\n<!-- \/ Yoast SEO plugin. -->","yoast_head_json":{"title":"Tote Bag Personnalisable en Broderie \u2013 \u00c9coresponsable &amp; Vegan - DIPATCH","description":"Tote bag en toile recycl\u00e9e 300GSM, personnalisable en broderie. \u00c9thique, vegan et certifi\u00e9 GRS, FAIR WEAR. Fabriqu\u00e9 en France. Cr\u00e9ez le v\u00f4tre maintenant !","robots":{"index":"index","follow":"follow","max-snippet":"max-snippet:-1","max-image-preview":"max-image-preview:large","max-video-preview":"max-video-preview:-1"},"canonical":"https:\/\/dipatch.fr\/en\/product\/tote-bag-personnalisable-broderie\/","og_locale":"en_US","og_type":"article","og_title":"Tote Bag Personnalisable en Broderie \u2013 \u00c9coresponsable &amp; Vegan - DIPATCH","og_description":"Tote bag en toile recycl\u00e9e 300GSM, personnalisable en broderie. \u00c9thique, vegan et certifi\u00e9 GRS, FAIR WEAR. Fabriqu\u00e9 en France. Cr\u00e9ez le v\u00f4tre maintenant !","og_url":"https:\/\/dipatch.fr\/en\/product\/tote-bag-personnalisable-broderie\/","og_site_name":"DIPATCH","article_modified_time":"2026-04-29T03:06:25+00:00","og_image":[{"width":1200,"height":1500,"url":"https:\/\/dipatch.fr\/wp-content\/uploads\/2024\/12\/IMG_0346.jpeg","type":"image\/jpeg"}],"twitter_card":"summary_large_image","twitter_misc":{"Est. reading time":"2 minutes"},"schema":{"@context":"https:\/\/schema.org","@graph":[{"@type":"WebPage","@id":"https:\/\/dipatch.fr\/produit\/tote-bag-personnalisable-broderie\/","url":"https:\/\/dipatch.fr\/produit\/tote-bag-personnalisable-broderie\/","name":"Tote Bag Personnalisable en Broderie \u2013 \u00c9coresponsable &amp; Vegan - DIPATCH","isPartOf":{"@id":"https:\/\/dipatch.fr\/#website"},"primaryImageOfPage":{"@id":"https:\/\/dipatch.fr\/produit\/tote-bag-personnalisable-broderie\/#primaryimage"},"image":{"@id":"https:\/\/dipatch.fr\/produit\/tote-bag-personnalisable-broderie\/#primaryimage"},"thumbnailUrl":"https:\/\/i0.wp.com\/dipatch.fr\/wp-content\/uploads\/2024\/12\/IMG_0346.jpeg?fit=1200%2C1500&ssl=1","datePublished":"2024-12-02T15:53:24+00:00","dateModified":"2026-04-29T03:06:25+00:00","description":"Tote bag en toile recycl\u00e9e 300GSM, personnalisable en broderie. \u00c9thique, vegan et certifi\u00e9 GRS, FAIR WEAR. Fabriqu\u00e9 en France. Cr\u00e9ez le v\u00f4tre maintenant !","breadcrumb":{"@id":"https:\/\/dipatch.fr\/produit\/tote-bag-personnalisable-broderie\/#breadcrumb"},"inLanguage":"en-US","potentialAction":[{"@type":"ReadAction","target":["https:\/\/dipatch.fr\/produit\/tote-bag-personnalisable-broderie\/"]}]},{"@type":"ImageObject","inLanguage":"en-US","@id":"https:\/\/dipatch.fr\/produit\/tote-bag-personnalisable-broderie\/#primaryimage","url":"https:\/\/i0.wp.com\/dipatch.fr\/wp-content\/uploads\/2024\/12\/IMG_0346.jpeg?fit=1200%2C1500&ssl=1","contentUrl":"https:\/\/i0.wp.com\/dipatch.fr\/wp-content\/uploads\/2024\/12\/IMG_0346.jpeg?fit=1200%2C1500&ssl=1","width":1200,"height":1500,"caption":"Tote bag coton recycl\u00e9 broderie personnalis\u00e9e \u2013 couleur Natural \u2013 \u00e9coresponsable"},{"@type":"BreadcrumbList","@id":"https:\/\/dipatch.fr\/produit\/tote-bag-personnalisable-broderie\/#breadcrumb","itemListElement":[{"@type":"ListItem","position":1,"name":"Accueil","item":"https:\/\/dipatch.fr\/"},{"@type":"ListItem","position":2,"name":"boutique","item":"https:\/\/dipatch.fr\/boutique\/"},{"@type":"ListItem","position":3,"name":"Tote Bag Personnalisable en Broderie \u2013 \u00c9coresponsable &amp; Vegan"}]},{"@type":"WebSite","@id":"https:\/\/dipatch.fr\/#website","url":"https:\/\/dipatch.fr\/","name":"DIPATCH","description":"DIY textile customization","publisher":{"@id":"https:\/\/dipatch.fr\/#organization"},"potentialAction":[{"@type":"SearchAction","target":{"@type":"EntryPoint","urlTemplate":"https:\/\/dipatch.fr\/?s={search_term_string}"},"query-input":{"@type":"PropertyValueSpecification","valueRequired":true,"valueName":"search_term_string"}}],"inLanguage":"en-US"},{"@type":"Organization","@id":"https:\/\/dipatch.fr\/#organization","name":"DIPATCH","url":"https:\/\/dipatch.fr\/","logo":{"@type":"ImageObject","inLanguage":"en-US","@id":"https:\/\/dipatch.fr\/#\/schema\/logo\/image\/","url":"https:\/\/dipatch.fr\/wp-content\/uploads\/2024\/12\/IMG_0349.jpeg","contentUrl":"https:\/\/dipatch.fr\/wp-content\/uploads\/2024\/12\/IMG_0349.jpeg","width":1520,"height":907,"caption":"DIPATCH"},"image":{"@id":"https:\/\/dipatch.fr\/#\/schema\/logo\/image\/"}}]}},"jetpack_sharing_enabled":true,"_links":{"self":[{"href":"https:\/\/dipatch.fr\/en\/wp-json\/wp\/v2\/product\/307","targetHints":{"allow":["GET"]}}],"collection":[{"href":"https:\/\/dipatch.fr\/en\/wp-json\/wp\/v2\/product"}],"about":[{"href":"https:\/\/dipatch.fr\/en\/wp-json\/wp\/v2\/types\/product"}],"replies":[{"embeddable":true,"href":"https:\/\/dipatch.fr\/en\/wp-json\/wp\/v2\/comments?post=307"}],"wp:featuredmedia":[{"embeddable":true,"href":"https:\/\/dipatch.fr\/en\/wp-json\/wp\/v2\/media\/210"}],"wp:attachment":[{"href":"https:\/\/dipatch.fr\/en\/wp-json\/wp\/v2\/media?parent=307"}],"wp:term":[{"taxonomy":"product_brand","embeddable":true,"href":"https:\/\/dipatch.fr\/en\/wp-json\/wp\/v2\/product_brand?post=307"},{"taxonomy":"product_cat","embeddable":true,"href":"https:\/\/dipatch.fr\/en\/wp-json\/wp\/v2\/product_cat?post=307"},{"taxonomy":"product_tag","embeddable":true,"href":"https:\/\/dipatch.fr\/en\/wp-json\/wp\/v2\/product_tag?post=307"}],"curies":[{"name":"wp","href":"https:\/\/api.w.org\/{rel}","templated":true}]}}